{"id":31341,"date":"2021-12-10T10:18:31","date_gmt":"2021-12-10T09:18:31","guid":{"rendered":"http:\/\/balearichomemallorca.com\/kontakt\/"},"modified":"2024-01-26T09:54:09","modified_gmt":"2024-01-26T08:54:09","slug":"kontakt","status":"publish","type":"page","link":"https:\/\/balearichomemallorca.com\/de\/kontakt\/","title":{"rendered":"KONTAKT"},"content":{"rendered":"\t\t<div data-elementor-type=\"wp-page\" data-elementor-id=\"31341\" class=\"elementor elementor-31341 elementor-31337\">\n\t\t\t\t\t\t<section class=\"elementor-section elementor-top-section elementor-element elementor-element-580cab6 elementor-section-stretched elementor-section-boxed elementor-section-height-default elementor-section-height-default\" data-id=\"580cab6\" data-element_type=\"section\" data-settings=\"{&quot;stretch_section&quot;:&quot;section-stretched&quot;,&quot;background_background&quot;:&quot;classic&quot;}\">\n\t\t\t\t\t\t\t<div class=\"elementor-background-overlay\"><\/div>\n\t\t\t\t\t\t\t<div class=\"elementor-container elementor-column-gap-default\">\n\t\t\t\t\t<div class=\"elementor-column elementor-col-100 elementor-top-column elementor-element elementor-element-1b6a937\" data-id=\"1b6a937\" data-element_type=\"column\">\n\t\t\t<div class=\"elementor-widget-wrap elementor-element-populated\">\n\t\t\t\t\t\t<section class=\"elementor-section elementor-inner-section elementor-element elementor-element-e7dff54 elementor-section-boxed elementor-section-height-default elementor-section-height-default\" data-id=\"e7dff54\" data-element_type=\"section\">\n\t\t\t\t\t\t<div class=\"elementor-container elementor-column-gap-default\">\n\t\t\t\t\t<div class=\"elementor-column elementor-col-50 elementor-inner-column elementor-element elementor-element-a2709e8\" data-id=\"a2709e8\" data-element_type=\"column\">\n\t\t\t<div class=\"elementor-widget-wrap elementor-element-populated\">\n\t\t\t\t\t\t<div class=\"elementor-element elementor-element-08bddd2 elementor-widget elementor-widget-text-editor\" data-id=\"08bddd2\" data-element_type=\"widget\" data-widget_type=\"text-editor.default\">\n\t\t\t\t<div class=\"elementor-widget-container\">\n\t\t\t<style>\/*! elementor - v3.23.0 - 15-07-2024 *\/\n.elementor-widget-text-editor.elementor-drop-cap-view-stacked .elementor-drop-cap{background-color:#69727d;color:#fff}.elementor-widget-text-editor.elementor-drop-cap-view-framed .elementor-drop-cap{color:#69727d;border:3px solid;background-color:transparent}.elementor-widget-text-editor:not(.elementor-drop-cap-view-default) .elementor-drop-cap{margin-top:8px}.elementor-widget-text-editor:not(.elementor-drop-cap-view-default) .elementor-drop-cap-letter{width:1em;height:1em}.elementor-widget-text-editor .elementor-drop-cap{float:left;text-align:center;line-height:1;font-size:50px}.elementor-widget-text-editor .elementor-drop-cap-letter{display:inline-block}<\/style>\t\t\t\t<p>Kontakt f\u00fcr Vermietungen<\/p>\n\t\t\t\t\t\t<\/div>\n\t\t\t\t<\/div>\n\t\t\t\t<div class=\"elementor-element elementor-element-05e5f15 elementor-align-left elementor-icon-list--layout-traditional elementor-list-item-link-full_width elementor-widget elementor-widget-icon-list\" data-id=\"05e5f15\" data-element_type=\"widget\" data-widget_type=\"icon-list.default\">\n\t\t\t\t<div class=\"elementor-widget-container\">\n\t\t\t<link rel=\"stylesheet\" href=\"https:\/\/balearichomemallorca.com\/wp-content\/plugins\/elementor\/assets\/css\/widget-icon-list.min.css\">\t\t<ul class=\"elementor-icon-list-items\">\n\t\t\t\t\t\t\t<li class=\"elementor-icon-list-item\">\n\t\t\t\t\t\t\t\t\t\t\t<span class=\"elementor-icon-list-icon\">\n\t\t\t\t\t\t\t<i aria-hidden=\"true\" class=\"far fa-envelope\"><\/i>\t\t\t\t\t\t<\/span>\n\t\t\t\t\t\t\t\t\t\t<span class=\"elementor-icon-list-text\">reservas@balearichomemallorca.com<\/span>\n\t\t\t\t\t\t\t\t\t<\/li>\n\t\t\t\t\t\t\t\t<li class=\"elementor-icon-list-item\">\n\t\t\t\t\t\t\t\t\t\t\t<a href=\"tel:%20(+34)%20625%20924%20430\">\n\n\t\t\t\t\t\t\t\t\t\t\t\t<span class=\"elementor-icon-list-icon\">\n\t\t\t\t\t\t\t<i aria-hidden=\"true\" class=\"fas fa-phone\"><\/i>\t\t\t\t\t\t<\/span>\n\t\t\t\t\t\t\t\t\t\t<span class=\"elementor-icon-list-text\">(+34) 625 924 430<\/span>\n\t\t\t\t\t\t\t\t\t\t\t<\/a>\n\t\t\t\t\t\t\t\t\t<\/li>\n\t\t\t\t\t\t<\/ul>\n\t\t\t\t<\/div>\n\t\t\t\t<\/div>\n\t\t\t\t<div class=\"elementor-element elementor-element-3821b55 elementor-widget elementor-widget-text-editor\" data-id=\"3821b55\" data-element_type=\"widget\" data-widget_type=\"text-editor.default\">\n\t\t\t\t<div class=\"elementor-widget-container\">\n\t\t\t\t\t\t\t<p>Kontakt f\u00fcr den Vertrieb<\/p>\n\t\t\t\t\t\t<\/div>\n\t\t\t\t<\/div>\n\t\t\t\t<div class=\"elementor-element elementor-element-ddd91ea elementor-align-left elementor-icon-list--layout-traditional elementor-list-item-link-full_width elementor-widget elementor-widget-icon-list\" data-id=\"ddd91ea\" data-element_type=\"widget\" data-widget_type=\"icon-list.default\">\n\t\t\t\t<div class=\"elementor-widget-container\">\n\t\t\t\t\t<ul class=\"elementor-icon-list-items\">\n\t\t\t\t\t\t\t<li class=\"elementor-icon-list-item\">\n\t\t\t\t\t\t\t\t\t\t\t<span class=\"elementor-icon-list-icon\">\n\t\t\t\t\t\t\t<i aria-hidden=\"true\" class=\"far fa-envelope\"><\/i>\t\t\t\t\t\t<\/span>\n\t\t\t\t\t\t\t\t\t\t<span class=\"elementor-icon-list-text\">ventas@balearichomemallorca.com<\/span>\n\t\t\t\t\t\t\t\t\t<\/li>\n\t\t\t\t\t\t\t\t<li class=\"elementor-icon-list-item\">\n\t\t\t\t\t\t\t\t\t\t\t<a href=\"tel:%20(+34)%20625%20924%20430\">\n\n\t\t\t\t\t\t\t\t\t\t\t\t<span class=\"elementor-icon-list-icon\">\n\t\t\t\t\t\t\t<i aria-hidden=\"true\" class=\"fas fa-phone\"><\/i>\t\t\t\t\t\t<\/span>\n\t\t\t\t\t\t\t\t\t\t<span class=\"elementor-icon-list-text\">(+34) 625 924 430<\/span>\n\t\t\t\t\t\t\t\t\t\t\t<\/a>\n\t\t\t\t\t\t\t\t\t<\/li>\n\t\t\t\t\t\t<\/ul>\n\t\t\t\t<\/div>\n\t\t\t\t<\/div>\n\t\t\t\t\t<\/div>\n\t\t<\/div>\n\t\t\t\t<div class=\"elementor-column elementor-col-50 elementor-inner-column elementor-element elementor-element-6ca4729\" data-id=\"6ca4729\" data-element_type=\"column\">\n\t\t\t<div class=\"elementor-widget-wrap elementor-element-populated\">\n\t\t\t\t\t\t<div class=\"elementor-element elementor-element-e5a994e elementor-widget elementor-widget-WpResidence_Contact_Form\" data-id=\"e5a994e\" data-element_type=\"widget\" data-widget_type=\"WpResidence_Contact_Form.default\">\n\t\t\t\t<div class=\"elementor-widget-container\">\n\t\t\t<div class=\"shortcode_contact_form sh_form_align_left\">\n\n        <div class=\"alert-box error\">\n            <div class=\"alert-message\" id=\"footer_alert-agent-contact_sh\"><\/div>\n        <\/div>\n\n        <input type=\"text\" style=\"\" placeholder=\"Dein Name\" required=\"required\"   id=\"foot_contact_name_sh\"  name=\"contact_name\" class=\"form-control\" value=\"\" tabindex=\"373\">\n        <input type=\"email\" style=\"\" required=\"required\" placeholder=\"Deine E-Mail\"  id=\"foot_contact_email_sh\" name=\"contact_email\" class=\"form-control wpestate-form-control-sh\" value=\"\" tabindex=\"374\">\n        <input type=\"email\" style=\"\" required=\"required\" placeholder=\"Dein Telefon\"  id=\"foot_contact_phone_sh\" name=\"contact_phone\" class=\"form-control wpestate-form-control-sh\" value=\"\" tabindex=\"374\">\n        <textarea style=\"\" placeholder=\"Geben Sie Ihre Nachricht ein ...\" required=\"required\" id=\"foot_contact_content_sh\" name=\"contact_content\" class=\"form-control wpestate-form-control-sh\" rows=\"4\" tabindex=\"375\"><\/textarea>\n        <input type=\"hidden\" name=\"contact_footer_ajax_nonce\" id=\"contact_footer_ajax_nonce_sh\"  value=\"332fa7aca1\" \/><div class=\"gpr_wrapper\"><input type=\"checkbox\" role=\"checkbox\" aria-checked=\"false\" id=\"wpestate_agree_gdpr\" class=\"wpestate_agree_gdpr\" name=\"wpestate_agree_gdpr\" \/>\n            <label for=\"wpestate_agree_gdpr\">I consent to the <a target=\"_blank\" href=\"https:\/\/balearichomemallorca.com\/de\/nutzungsbedingungen-und-datenschutz\/\">GDPR Terms<\/a><\/label><\/div>\n          <div class=\"btn-cont\">\n            <button type=\"submit\" id=\"btn-cont-submit_sh\" class=\"wpresidence_button sh_but_1\">Nachricht senden<\/button>\n\n            <input type=\"hidden\" value=\"\" name=\"contact_to\">\n            <div class=\"bottom-arrow\"><\/div>\n        <\/div>\n    <\/div><style>\n    .shortcode_contact_form textarea::-webkit-input-placeholder,\n    .shortcode_contact_form input::-webkit-input-placeholder {\n     color:!important;\";\n}\n<\/style><script type=\"text\/javascript\">\n                \/\/<![CDATA[\n                jQuery(document).ready(function(){\n                  wpestate_contact_us_shortcode();\n                });\n                \/\/]]>\n            <\/script>\t\t<\/div>\n\t\t\t\t<\/div>\n\t\t\t\t<div class=\"elementor-element elementor-element-426221b elementor-widget elementor-widget-text-editor\" data-id=\"426221b\" data-element_type=\"widget\" data-widget_type=\"text-editor.default\">\n\t\t\t\t<div class=\"elementor-widget-container\">\n\t\t\t\t\t\t\t<div class=\"page\" title=\"Page 3\"><div class=\"section\"><div class=\"layoutArea\"><div class=\"column\"><p>Balearic Home Mallorca sammelt Ihre Daten, um Ihre Anfrage zu beantworten. Sie k\u00f6nnen Ihre Rechte auf Zugang, Berichtigung, L\u00f6schung und Widerspruch unter anderem gem\u00e4\u00df unseren <a href=\"https:\/\/balearichomemallorca.com\/de\/nutzungsbedingungen-und-datenschutz\/\">Nutzungsbedingungen und Datenschutz<\/a><\/p><\/div><\/div><\/div><\/div>\t\t\t\t\t\t<\/div>\n\t\t\t\t<\/div>\n\t\t\t\t\t<\/div>\n\t\t<\/div>\n\t\t\t\t\t<\/div>\n\t\t<\/section>\n\t\t\t\t\t<\/div>\n\t\t<\/div>\n\t\t\t\t\t<\/div>\n\t\t<\/section>\n\t\t\t\t<section class=\"elementor-section elementor-top-section elementor-element elementor-element-cb982ac elementor-section-stretched elementor-section-boxed elementor-section-height-default elementor-section-height-default\" data-id=\"cb982ac\" data-element_type=\"section\" data-settings=\"{&quot;stretch_section&quot;:&quot;section-stretched&quot;,&quot;background_background&quot;:&quot;classic&quot;}\">\n\t\t\t\t\t\t\t<div class=\"elementor-background-overlay\"><\/div>\n\t\t\t\t\t\t\t<div class=\"elementor-container elementor-column-gap-default\">\n\t\t\t\t\t<div class=\"elementor-column elementor-col-100 elementor-top-column elementor-element elementor-element-758b03f\" data-id=\"758b03f\" data-element_type=\"column\">\n\t\t\t<div class=\"elementor-widget-wrap elementor-element-populated\">\n\t\t\t\t\t\t<div class=\"elementor-element elementor-element-40813de elementor-widget elementor-widget-heading\" data-id=\"40813de\" data-element_type=\"widget\" data-widget_type=\"heading.default\">\n\t\t\t\t<div class=\"elementor-widget-container\">\n\t\t\t<style>\/*! elementor - v3.23.0 - 15-07-2024 *\/\n.elementor-heading-title{padding:0;margin:0;line-height:1}.elementor-widget-heading .elementor-heading-title[class*=elementor-size-]>a{color:inherit;font-size:inherit;line-height:inherit}.elementor-widget-heading .elementor-heading-title.elementor-size-small{font-size:15px}.elementor-widget-heading .elementor-heading-title.elementor-size-medium{font-size:19px}.elementor-widget-heading .elementor-heading-title.elementor-size-large{font-size:29px}.elementor-widget-heading .elementor-heading-title.elementor-size-xl{font-size:39px}.elementor-widget-heading .elementor-heading-title.elementor-size-xxl{font-size:59px}<\/style><h2 class=\"elementor-heading-title elementor-size-default\">Wo wir sind<\/h2>\t\t<\/div>\n\t\t\t\t<\/div>\n\t\t\t\t<div class=\"elementor-element elementor-element-54a8aa4 elementor-widget elementor-widget-google_maps\" data-id=\"54a8aa4\" data-element_type=\"widget\" id=\"map\" data-widget_type=\"google_maps.default\">\n\t\t\t\t<div class=\"elementor-widget-container\">\n\t\t\t<style>\/*! elementor - v3.23.0 - 15-07-2024 *\/\n.elementor-widget-google_maps .elementor-widget-container{overflow:hidden}.elementor-widget-google_maps .elementor-custom-embed{line-height:0}.elementor-widget-google_maps iframe{height:300px}<\/style>\t\t<div class=\"elementor-custom-embed\">\n\t\t\t<iframe loading=\"lazy\"\n\t\t\t\t\tsrc=\"https:\/\/maps.google.com\/maps?q=Carrer%20de%20l%27Argenteria%2C%2016%2C%2007001%20Palma%2C%20Illes%20Balears&#038;t=m&#038;z=12&#038;output=embed&#038;iwloc=near\"\n\t\t\t\t\ttitle=\"Carrer de l&#039;Argenteria, 16, 07001 Palma, Illes Balears\"\n\t\t\t\t\taria-label=\"Carrer de l&#039;Argenteria, 16, 07001 Palma, Illes Balears\"\n\t\t\t><\/iframe>\n\t\t<\/div>\n\t\t\t\t<\/div>\n\t\t\t\t<\/div>\n\t\t\t\t\t<\/div>\n\t\t<\/div>\n\t\t\t\t\t<\/div>\n\t\t<\/section>\n\t\t\t\t<\/div>\n\t\t","protected":false},"excerpt":{"rendered":"<p>Kontakt f\u00fcr Vermietungen reservas@balearichomemallorca.com (+34) 625 924 430 Kontakt f\u00fcr den Vertrieb ventas@balearichomemallorca.com (+34) 625 924 430 I consent to the GDPR Terms Send Message Balearic Home Mallorca sammelt Ihre Daten, um Ihre Anfrage zu beantworten. Sie k\u00f6nnen Ihre Rechte auf Zugang, Berichtigung, L\u00f6schung und Widerspruch unter anderem gem\u00e4\u00df unseren Nutzungsbedingungen und Datenschutz Wo wir sind<\/p>\n","protected":false},"author":1,"featured_media":0,"parent":0,"menu_order":0,"comment_status":"closed","ping_status":"closed","template":"","meta":{"footnotes":""},"class_list":["post-31341","page","type-page","status-publish","hentry"],"yoast_head":"<!-- This site is optimized with the Yoast SEO plugin v23.0 - https:\/\/yoast.com\/wordpress\/plugins\/seo\/ -->\n<title>KONTAKT - Boutique-Immobilien. Ihre ma\u00dfgeschneiderten Dienstleistungen<\/title>\n<meta name=\"robots\" content=\"index, follow, max-snippet:-1, max-image-preview:large, max-video-preview:-1\" \/>\n<link rel=\"canonical\" href=\"https:\/\/balearichomemallorca.com\/de\/kontakt\/\" \/>\n<meta property=\"og:locale\" content=\"de_DE\" \/>\n<meta property=\"og:type\" content=\"article\" \/>\n<meta property=\"og:title\" content=\"KONTAKT - Boutique-Immobilien. Ihre ma\u00dfgeschneiderten Dienstleistungen\" \/>\n<meta property=\"og:description\" content=\"Kontakt f\u00fcr Vermietungen reservas@balearichomemallorca.com (+34) 625 924 430 Kontakt f\u00fcr den Vertrieb ventas@balearichomemallorca.com (+34) 625 924 430 I consent to the GDPR Terms Send Message Balearic Home Mallorca sammelt Ihre Daten, um Ihre Anfrage zu beantworten. Sie k\u00f6nnen Ihre Rechte auf Zugang, Berichtigung, L\u00f6schung und Widerspruch unter anderem gem\u00e4\u00df unseren Nutzungsbedingungen und Datenschutz Wo wir sind\" \/>\n<meta property=\"og:url\" content=\"https:\/\/balearichomemallorca.com\/de\/kontakt\/\" \/>\n<meta property=\"og:site_name\" content=\"Boutique-Immobilien. Ihre ma\u00dfgeschneiderten Dienstleistungen\" \/>\n<meta property=\"article:modified_time\" content=\"2024-01-26T08:54:09+00:00\" \/>\n<meta name=\"twitter:card\" content=\"summary_large_image\" \/>\n<meta name=\"twitter:label1\" content=\"Gesch\u00e4tzte Lesezeit\" \/>\n\t<meta name=\"twitter:data1\" content=\"1\u00a0Minute\" \/>\n<script type=\"application\/ld+json\" class=\"yoast-schema-graph\">{\"@context\":\"https:\/\/schema.org\",\"@graph\":[{\"@type\":\"WebPage\",\"@id\":\"https:\/\/balearichomemallorca.com\/de\/kontakt\/\",\"url\":\"https:\/\/balearichomemallorca.com\/de\/kontakt\/\",\"name\":\"KONTAKT - Boutique-Immobilien. Ihre ma\u00dfgeschneiderten Dienstleistungen\",\"isPartOf\":{\"@id\":\"https:\/\/balearichomemallorca.com\/de\/#website\"},\"datePublished\":\"2021-12-10T09:18:31+00:00\",\"dateModified\":\"2024-01-26T08:54:09+00:00\",\"breadcrumb\":{\"@id\":\"https:\/\/balearichomemallorca.com\/de\/kontakt\/#breadcrumb\"},\"inLanguage\":\"de\",\"potentialAction\":[{\"@type\":\"ReadAction\",\"target\":[\"https:\/\/balearichomemallorca.com\/de\/kontakt\/\"]}]},{\"@type\":\"BreadcrumbList\",\"@id\":\"https:\/\/balearichomemallorca.com\/de\/kontakt\/#breadcrumb\",\"itemListElement\":[{\"@type\":\"ListItem\",\"position\":1,\"name\":\"Home\",\"item\":\"https:\/\/balearichomemallorca.com\/de\/\"},{\"@type\":\"ListItem\",\"position\":2,\"name\":\"KONTAKT\"}]},{\"@type\":\"WebSite\",\"@id\":\"https:\/\/balearichomemallorca.com\/de\/#website\",\"url\":\"https:\/\/balearichomemallorca.com\/de\/\",\"name\":\"Boutique-Immobilien. Ihre ma\u00dfgeschneiderten Dienstleistungen\",\"description\":\"Your real estate agency to find the best options in the Balearic Islands.\",\"publisher\":{\"@id\":\"https:\/\/balearichomemallorca.com\/de\/#organization\"},\"potentialAction\":[{\"@type\":\"SearchAction\",\"target\":{\"@type\":\"EntryPoint\",\"urlTemplate\":\"https:\/\/balearichomemallorca.com\/de\/?s={search_term_string}\"},\"query-input\":\"required name=search_term_string\"}],\"inLanguage\":\"de\"},{\"@type\":\"Organization\",\"@id\":\"https:\/\/balearichomemallorca.com\/de\/#organization\",\"name\":\"Balearic Home Mallorca\",\"url\":\"https:\/\/balearichomemallorca.com\/de\/\",\"logo\":{\"@type\":\"ImageObject\",\"inLanguage\":\"de\",\"@id\":\"https:\/\/balearichomemallorca.com\/de\/#\/schema\/logo\/image\/\",\"url\":\"https:\/\/balearichomemallorca.com\/wp-content\/uploads\/2022\/10\/BALEARIC_logo_main.png\",\"contentUrl\":\"https:\/\/balearichomemallorca.com\/wp-content\/uploads\/2022\/10\/BALEARIC_logo_main.png\",\"width\":759,\"height\":262,\"caption\":\"Balearic Home Mallorca\"},\"image\":{\"@id\":\"https:\/\/balearichomemallorca.com\/de\/#\/schema\/logo\/image\/\"}}]}<\/script>\n<!-- \/ Yoast SEO plugin. -->","yoast_head_json":{"title":"KONTAKT - Boutique-Immobilien. Ihre ma\u00dfgeschneiderten Dienstleistungen","robots":{"index":"index","follow":"follow","max-snippet":"max-snippet:-1","max-image-preview":"max-image-preview:large","max-video-preview":"max-video-preview:-1"},"canonical":"https:\/\/balearichomemallorca.com\/de\/kontakt\/","og_locale":"de_DE","og_type":"article","og_title":"KONTAKT - Boutique-Immobilien. Ihre ma\u00dfgeschneiderten Dienstleistungen","og_description":"Kontakt f\u00fcr Vermietungen reservas@balearichomemallorca.com (+34) 625 924 430 Kontakt f\u00fcr den Vertrieb ventas@balearichomemallorca.com (+34) 625 924 430 I consent to the GDPR Terms Send Message Balearic Home Mallorca sammelt Ihre Daten, um Ihre Anfrage zu beantworten. Sie k\u00f6nnen Ihre Rechte auf Zugang, Berichtigung, L\u00f6schung und Widerspruch unter anderem gem\u00e4\u00df unseren Nutzungsbedingungen und Datenschutz Wo wir sind","og_url":"https:\/\/balearichomemallorca.com\/de\/kontakt\/","og_site_name":"Boutique-Immobilien. Ihre ma\u00dfgeschneiderten Dienstleistungen","article_modified_time":"2024-01-26T08:54:09+00:00","twitter_card":"summary_large_image","twitter_misc":{"Gesch\u00e4tzte Lesezeit":"1\u00a0Minute"},"schema":{"@context":"https:\/\/schema.org","@graph":[{"@type":"WebPage","@id":"https:\/\/balearichomemallorca.com\/de\/kontakt\/","url":"https:\/\/balearichomemallorca.com\/de\/kontakt\/","name":"KONTAKT - Boutique-Immobilien. Ihre ma\u00dfgeschneiderten Dienstleistungen","isPartOf":{"@id":"https:\/\/balearichomemallorca.com\/de\/#website"},"datePublished":"2021-12-10T09:18:31+00:00","dateModified":"2024-01-26T08:54:09+00:00","breadcrumb":{"@id":"https:\/\/balearichomemallorca.com\/de\/kontakt\/#breadcrumb"},"inLanguage":"de","potentialAction":[{"@type":"ReadAction","target":["https:\/\/balearichomemallorca.com\/de\/kontakt\/"]}]},{"@type":"BreadcrumbList","@id":"https:\/\/balearichomemallorca.com\/de\/kontakt\/#breadcrumb","itemListElement":[{"@type":"ListItem","position":1,"name":"Home","item":"https:\/\/balearichomemallorca.com\/de\/"},{"@type":"ListItem","position":2,"name":"KONTAKT"}]},{"@type":"WebSite","@id":"https:\/\/balearichomemallorca.com\/de\/#website","url":"https:\/\/balearichomemallorca.com\/de\/","name":"Boutique-Immobilien. Ihre ma\u00dfgeschneiderten Dienstleistungen","description":"Your real estate agency to find the best options in the Balearic Islands.","publisher":{"@id":"https:\/\/balearichomemallorca.com\/de\/#organization"},"potentialAction":[{"@type":"SearchAction","target":{"@type":"EntryPoint","urlTemplate":"https:\/\/balearichomemallorca.com\/de\/?s={search_term_string}"},"query-input":"required name=search_term_string"}],"inLanguage":"de"},{"@type":"Organization","@id":"https:\/\/balearichomemallorca.com\/de\/#organization","name":"Balearic Home Mallorca","url":"https:\/\/balearichomemallorca.com\/de\/","logo":{"@type":"ImageObject","inLanguage":"de","@id":"https:\/\/balearichomemallorca.com\/de\/#\/schema\/logo\/image\/","url":"https:\/\/balearichomemallorca.com\/wp-content\/uploads\/2022\/10\/BALEARIC_logo_main.png","contentUrl":"https:\/\/balearichomemallorca.com\/wp-content\/uploads\/2022\/10\/BALEARIC_logo_main.png","width":759,"height":262,"caption":"Balearic Home Mallorca"},"image":{"@id":"https:\/\/balearichomemallorca.com\/de\/#\/schema\/logo\/image\/"}}]}},"_links":{"self":[{"href":"https:\/\/balearichomemallorca.com\/de\/wp-json\/wp\/v2\/pages\/31341","targetHints":{"allow":["GET"]}}],"collection":[{"href":"https:\/\/balearichomemallorca.com\/de\/wp-json\/wp\/v2\/pages"}],"about":[{"href":"https:\/\/balearichomemallorca.com\/de\/wp-json\/wp\/v2\/types\/page"}],"author":[{"embeddable":true,"href":"https:\/\/balearichomemallorca.com\/de\/wp-json\/wp\/v2\/users\/1"}],"replies":[{"embeddable":true,"href":"https:\/\/balearichomemallorca.com\/de\/wp-json\/wp\/v2\/comments?post=31341"}],"version-history":[{"count":5,"href":"https:\/\/balearichomemallorca.com\/de\/wp-json\/wp\/v2\/pages\/31341\/revisions"}],"predecessor-version":[{"id":36378,"href":"https:\/\/balearichomemallorca.com\/de\/wp-json\/wp\/v2\/pages\/31341\/revisions\/36378"}],"wp:attachment":[{"href":"https:\/\/balearichomemallorca.com\/de\/wp-json\/wp\/v2\/media?parent=31341"}],"curies":[{"name":"wp","href":"https:\/\/api.w.org\/{rel}","templated":true}]}}