{"id":31355,"date":"2021-12-10T11:58:19","date_gmt":"2021-12-10T10:58:19","guid":{"rendered":"http:\/\/balearichomemallorca.com\/registrierungs-und-anmeldeformulare\/"},"modified":"2022-12-03T11:36:04","modified_gmt":"2022-12-03T10:36:04","slug":"registrierungs-und-anmeldeformulare","status":"publish","type":"page","link":"https:\/\/balearichomemallorca.com\/de\/registrierungs-und-anmeldeformulare\/","title":{"rendered":"Registrierungs- und Anmeldeformulare"},"content":{"rendered":"\t\t<div data-elementor-type=\"wp-page\" data-elementor-id=\"31355\" class=\"elementor elementor-31355 elementor-29249\">\n\t\t\t\t\t\t<section class=\"elementor-section elementor-top-section elementor-element elementor-element-3d92224e elementor-section-stretched elementor-section-boxed elementor-section-height-default elementor-section-height-default\" data-id=\"3d92224e\" data-element_type=\"section\" data-settings=\"{&quot;stretch_section&quot;:&quot;section-stretched&quot;,&quot;background_background&quot;:&quot;classic&quot;}\">\n\t\t\t\t\t\t<div class=\"elementor-container elementor-column-gap-default\">\n\t\t\t\t\t<div class=\"elementor-column elementor-col-100 elementor-top-column elementor-element elementor-element-68e4db3e\" data-id=\"68e4db3e\" data-element_type=\"column\">\n\t\t\t<div class=\"elementor-widget-wrap elementor-element-populated\">\n\t\t\t\t\t\t<section class=\"elementor-section elementor-inner-section elementor-element elementor-element-8b23e6b elementor-section-boxed elementor-section-height-default elementor-section-height-default\" data-id=\"8b23e6b\" data-element_type=\"section\">\n\t\t\t\t\t\t<div class=\"elementor-container elementor-column-gap-wide\">\n\t\t\t\t\t<div class=\"elementor-column elementor-col-33 elementor-inner-column elementor-element elementor-element-3298750e\" data-id=\"3298750e\" data-element_type=\"column\">\n\t\t\t<div class=\"elementor-widget-wrap elementor-element-populated\">\n\t\t\t\t\t\t<div class=\"elementor-element elementor-element-7cca07d6 elementor-widget elementor-widget-heading\" data-id=\"7cca07d6\" data-element_type=\"widget\" data-widget_type=\"heading.default\">\n\t\t\t\t<div class=\"elementor-widget-container\">\n\t\t\t<style>\/*! elementor - v3.23.0 - 15-07-2024 *\/\n.elementor-heading-title{padding:0;margin:0;line-height:1}.elementor-widget-heading .elementor-heading-title[class*=elementor-size-]>a{color:inherit;font-size:inherit;line-height:inherit}.elementor-widget-heading .elementor-heading-title.elementor-size-small{font-size:15px}.elementor-widget-heading .elementor-heading-title.elementor-size-medium{font-size:19px}.elementor-widget-heading .elementor-heading-title.elementor-size-large{font-size:29px}.elementor-widget-heading .elementor-heading-title.elementor-size-xl{font-size:39px}.elementor-widget-heading .elementor-heading-title.elementor-size-xxl{font-size:59px}<\/style><h2 class=\"elementor-heading-title elementor-size-default\">Register<\/h2>\t\t<\/div>\n\t\t\t\t<\/div>\n\t\t\t\t<div class=\"elementor-element elementor-element-2049fbef elementor-widget elementor-widget-WpResidence_Register\" data-id=\"2049fbef\" data-element_type=\"widget\" data-widget_type=\"WpResidence_Register.default\">\n\t\t\t\t<div class=\"elementor-widget-container\">\n\t\t\t\n          <div class=\"login_form shortcode-login\">\n               <div class=\"loginalert\" id=\"register_message_area\" ><\/div>\n\n                <div class=\"loginrow\">\n                    <input type=\"text\" name=\"user_login_register\" id=\"user_login_register\" class=\"form-control\"  placeholder=\"Nutzername\" size=\"20\" \/>\n                <\/div>\n                <div class=\"loginrow\">\n                    <input type=\"email\" name=\"user_email_register\" id=\"user_email_register\" class=\"form-control\" placeholder=\"Email\" size=\"20\" \/>\n                <\/div>\n                    <div class=\"loginrow password_holder\">\n                        <input type=\"password\" name=\"user_password\" id=\"user_password\" class=\"form-control\" placeholder=\"Passwort\"\/>\n                        <i class=\" far fa-eye-slash show_hide_password\"><\/i>\n                    <\/div>\n                    <div class=\"loginrow password_holder\">\n                        <input type=\"password\" name=\"user_password_retype\" id=\"user_password_retype\" class=\"form-control\" placeholder=\"Passwort erneut eingeben\"  \/>\n                        <i class=\" far fa-eye-slash show_hide_password\"><\/i>\n                    <\/div>\n                    \n                <input type=\"checkbox\" name=\"terms\" id=\"user_terms_register_sh\">\n                <label id=\"user_terms_register_sh_label\" for=\"user_terms_register_sh\">Ich bin einverstanden mit den<a href=\"https:\/\/balearichomemallorca.com\/de\/begriffe-und-koditionen\/\" target=\"_blank\" id=\"user_terms_register_topbar_link\">AGB &amp; Bedingungen<\/a> <\/label><div id=\"shortcode_register_menu\"  style=\"float: left;margin-top: 10px;transform:scale(0.75);-webkit-transform:scale(0.75);transform-origin:0 0;-webkit-transform-origin:0 0;\"><\/div>\n                <input type=\"hidden\" id=\"security-register\" name=\"security-register\" value=\"42b4264767-1776154335\">\n\n                <p class=\"submit\">\n                    <button id=\"wp-submit-register\"  class=\"wpresidence_button\">Registrieren<\/button>\n                <\/p>\n\n        <\/div>\n\n    \t\t<\/div>\n\t\t\t\t<\/div>\n\t\t\t\t\t<\/div>\n\t\t<\/div>\n\t\t\t\t<div class=\"elementor-column elementor-col-33 elementor-inner-column elementor-element elementor-element-66fb5f21\" data-id=\"66fb5f21\" data-element_type=\"column\">\n\t\t\t<div class=\"elementor-widget-wrap elementor-element-populated\">\n\t\t\t\t\t\t<div class=\"elementor-element elementor-element-3e935b0d elementor-widget elementor-widget-heading\" data-id=\"3e935b0d\" data-element_type=\"widget\" data-widget_type=\"heading.default\">\n\t\t\t\t<div class=\"elementor-widget-container\">\n\t\t\t<h2 class=\"elementor-heading-title elementor-size-default\">Ein Konto erstellen<\/h2>\t\t<\/div>\n\t\t\t\t<\/div>\n\t\t\t\t<div class=\"elementor-element elementor-element-39e743ec elementor-widget elementor-widget-WpResidence_Login\" data-id=\"39e743ec\" data-element_type=\"widget\" data-widget_type=\"WpResidence_Login.default\">\n\t\t\t\t<div class=\"elementor-widget-container\">\n\t\t\t<div class=\"login_form shortcode-login\" id=\"login-div\">\n         <div class=\"loginalert\" id=\"login_message_area\" ><\/div>\n\n                <div class=\"loginrow\">\n                    <input type=\"text\" class=\"form-control\" name=\"log\" id=\"login_user\"  placeholder=\"Nutzername\" size=\"20\" \/>\n                <\/div>\n                <div class=\"loginrow password_holder\">\n                    <input type=\"password\" class=\"form-control\" name=\"pwd\" id=\"login_pwd\"  placeholder=\"Passwort\" size=\"20\" \/>\n                    <i class=\" far fa-eye-slash show_hide_password\"><\/i>\n                     \n                <\/div>\n                <input type=\"hidden\" name=\"loginpop\" id=\"loginpop\" value=\"0\">\n\n                <input type=\"hidden\" id=\"security-login\" name=\"security-login\" value=\"00f4af6c34-1776154335\">\n\n\n                <button id=\"wp-login-but\" class=\"wpresidence_button\">Anmeldung<\/button>\n                <div class=\"login-links shortlog\"><a href=\"#\" id=\"forgot_pass\">Passwort vergessen?<\/a>\n                <\/div>\n         <\/div>\n         <div class=\"login_form  shortcode-login\" id=\"forgot-pass-div-sh\">\n            <div class=\"loginalert\" id=\"forgot_pass_area\"><\/div>\n            <div class=\"loginrow\">\n                    <input type=\"text\" class=\"form-control\" name=\"forgot_email\" id=\"forgot_email\" placeholder=\"Geben sie ihre E-Mailadresse ein\" size=\"20\" \/>\n            <\/div>\n            <input type=\"hidden\" id=\"security-forgot\" name=\"security-forgot\" value=\"fbbf4eb799\" \/><input type=\"hidden\" name=\"_wp_http_referer\" value=\"\/de\/wp-json\/wp\/v2\/pages\/31355\" \/>\n            <input type=\"hidden\" id=\"postid\" value=\"31355\">\n            <button class=\"wpresidence_button\" id=\"wp-forgot-but\" name=\"forgot\" >Passwort zur\u00fccksetzen<\/button>\n            <div class=\"login-links shortlog\">\n            <a href=\"#\" id=\"return_login\">Zur\u00fcck zum Login<\/a>\n            <\/div>\n         <\/div>\n\n            \t\t<\/div>\n\t\t\t\t<\/div>\n\t\t\t\t\t<\/div>\n\t\t<\/div>\n\t\t\t\t<div class=\"elementor-column elementor-col-33 elementor-inner-column elementor-element elementor-element-27db311e\" data-id=\"27db311e\" data-element_type=\"column\">\n\t\t\t<div class=\"elementor-widget-wrap elementor-element-populated\">\n\t\t\t\t\t\t<div class=\"elementor-element elementor-element-176bd848 elementor-widget elementor-widget-heading\" data-id=\"176bd848\" data-element_type=\"widget\" data-widget_type=\"heading.default\">\n\t\t\t\t<div class=\"elementor-widget-container\">\n\t\t\t<h2 class=\"elementor-heading-title elementor-size-default\">Wie es funktioniert<\/h2>\t\t<\/div>\n\t\t\t\t<\/div>\n\t\t\t\t<div class=\"elementor-element elementor-element-4653a92c elementor-widget elementor-widget-text-editor\" data-id=\"4653a92c\" data-element_type=\"widget\" data-widget_type=\"text-editor.default\">\n\t\t\t\t<div class=\"elementor-widget-container\">\n\t\t\t<style>\/*! elementor - v3.23.0 - 15-07-2024 *\/\n.elementor-widget-text-editor.elementor-drop-cap-view-stacked .elementor-drop-cap{background-color:#69727d;color:#fff}.elementor-widget-text-editor.elementor-drop-cap-view-framed .elementor-drop-cap{color:#69727d;border:3px solid;background-color:transparent}.elementor-widget-text-editor:not(.elementor-drop-cap-view-default) .elementor-drop-cap{margin-top:8px}.elementor-widget-text-editor:not(.elementor-drop-cap-view-default) .elementor-drop-cap-letter{width:1em;height:1em}.elementor-widget-text-editor .elementor-drop-cap{float:left;text-align:center;line-height:1;font-size:50px}.elementor-widget-text-editor .elementor-drop-cap-letter{display:inline-block}<\/style>\t\t\t\t<p>Sie k\u00f6nnen Ihre benutzerdefinierten Login-\/Registrierungsseiten mit den Shortcodes &#8222;Register Form&#8220; und &#8222;Login Form&#8220; erstellen.<\/p>\n<p>Einfaches Benutzertestkonto f\u00fcr die Hauptdemo (bestimmte Mitgliedschaftspakete, verschiedene Profilinformationen)<\/p>\n<p><strong>Benutzername = Benutzer<\/strong><br \/><strong>Kennwort = 1234<\/strong><\/p>\n<p>Agententestkonto f\u00fcr die Hauptdemo (bestimmte Mitgliedschaftspakete, unterschiedliche Profilinformationen)<\/p>\n<p><strong>Benutzername = Agent<\/strong><br \/><strong>Kennwort = 1234<\/strong><\/p>\n\t\t\t\t\t\t<\/div>\n\t\t\t\t<\/div>\n\t\t\t\t\t<\/div>\n\t\t<\/div>\n\t\t\t\t\t<\/div>\n\t\t<\/section>\n\t\t\t\t\t<\/div>\n\t\t<\/div>\n\t\t\t\t\t<\/div>\n\t\t<\/section>\n\t\t\t\t<\/div>\n\t\t","protected":false},"excerpt":{"rendered":"<p>Register Estoy de acuerdo con t\u00e9rminos y condiciones Registrarse Ein Konto erstellen Iniciar sesi\u00f3n \u00bfSe te olvid\u00f3 tu contrase\u00f1a? Restablecer contrase\u00f1a Volver al inicio de sesi\u00f3n Wie es funktioniert Sie k\u00f6nnen Ihre benutzerdefinierten Login-\/Registrierungsseiten mit den Shortcodes &#8222;Register Form&#8220; und &#8222;Login Form&#8220; erstellen. Einfaches Benutzertestkonto f\u00fcr die Hauptdemo (bestimmte Mitgliedschaftspakete, verschiedene Profilinformationen) Benutzername = BenutzerKennwort = 1234 Agententestkonto f\u00fcr die Hauptdemo (bestimmte Mitgliedschaftspakete, unterschiedliche &#8230;<\/p>\n","protected":false},"author":1,"featured_media":0,"parent":0,"menu_order":0,"comment_status":"closed","ping_status":"closed","template":"","meta":{"footnotes":""},"class_list":["post-31355","page","type-page","status-publish","hentry"],"yoast_head":"<!-- This site is optimized with the Yoast SEO plugin v23.0 - https:\/\/yoast.com\/wordpress\/plugins\/seo\/ -->\n<title>Registrierungs- und Anmeldeformulare - Boutique-Immobilien. Ihre ma\u00dfgeschneiderten Dienstleistungen<\/title>\n<meta name=\"robots\" content=\"index, follow, max-snippet:-1, max-image-preview:large, max-video-preview:-1\" \/>\n<link rel=\"canonical\" href=\"https:\/\/balearichomemallorca.com\/de\/registrierungs-und-anmeldeformulare\/\" \/>\n<meta property=\"og:locale\" content=\"de_DE\" \/>\n<meta property=\"og:type\" content=\"article\" \/>\n<meta property=\"og:title\" content=\"Registrierungs- und Anmeldeformulare - Boutique-Immobilien. Ihre ma\u00dfgeschneiderten Dienstleistungen\" \/>\n<meta property=\"og:description\" content=\"Register Estoy de acuerdo con t\u00e9rminos y condiciones Registrarse Ein Konto erstellen Iniciar sesi\u00f3n \u00bfSe te olvid\u00f3 tu contrase\u00f1a? Restablecer contrase\u00f1a Volver al inicio de sesi\u00f3n Wie es funktioniert Sie k\u00f6nnen Ihre benutzerdefinierten Login-\/Registrierungsseiten mit den Shortcodes &#8222;Register Form&#8220; und &#8222;Login Form&#8220; erstellen. Einfaches Benutzertestkonto f\u00fcr die Hauptdemo (bestimmte Mitgliedschaftspakete, verschiedene Profilinformationen) Benutzername = BenutzerKennwort = 1234 Agententestkonto f\u00fcr die Hauptdemo (bestimmte Mitgliedschaftspakete, unterschiedliche ...\" \/>\n<meta property=\"og:url\" content=\"https:\/\/balearichomemallorca.com\/de\/registrierungs-und-anmeldeformulare\/\" \/>\n<meta property=\"og:site_name\" content=\"Boutique-Immobilien. Ihre ma\u00dfgeschneiderten Dienstleistungen\" \/>\n<meta property=\"article:modified_time\" content=\"2022-12-03T10:36:04+00:00\" \/>\n<meta name=\"twitter:card\" content=\"summary_large_image\" \/>\n<script type=\"application\/ld+json\" class=\"yoast-schema-graph\">{\"@context\":\"https:\/\/schema.org\",\"@graph\":[{\"@type\":\"WebPage\",\"@id\":\"https:\/\/balearichomemallorca.com\/de\/registrierungs-und-anmeldeformulare\/\",\"url\":\"https:\/\/balearichomemallorca.com\/de\/registrierungs-und-anmeldeformulare\/\",\"name\":\"Registrierungs- und Anmeldeformulare - Boutique-Immobilien. Ihre ma\u00dfgeschneiderten Dienstleistungen\",\"isPartOf\":{\"@id\":\"https:\/\/balearichomemallorca.com\/de\/#website\"},\"datePublished\":\"2021-12-10T10:58:19+00:00\",\"dateModified\":\"2022-12-03T10:36:04+00:00\",\"breadcrumb\":{\"@id\":\"https:\/\/balearichomemallorca.com\/de\/registrierungs-und-anmeldeformulare\/#breadcrumb\"},\"inLanguage\":\"de\",\"potentialAction\":[{\"@type\":\"ReadAction\",\"target\":[\"https:\/\/balearichomemallorca.com\/de\/registrierungs-und-anmeldeformulare\/\"]}]},{\"@type\":\"BreadcrumbList\",\"@id\":\"https:\/\/balearichomemallorca.com\/de\/registrierungs-und-anmeldeformulare\/#breadcrumb\",\"itemListElement\":[{\"@type\":\"ListItem\",\"position\":1,\"name\":\"Home\",\"item\":\"https:\/\/balearichomemallorca.com\/de\/\"},{\"@type\":\"ListItem\",\"position\":2,\"name\":\"Registrierungs- und Anmeldeformulare\"}]},{\"@type\":\"WebSite\",\"@id\":\"https:\/\/balearichomemallorca.com\/de\/#website\",\"url\":\"https:\/\/balearichomemallorca.com\/de\/\",\"name\":\"Boutique-Immobilien. Ihre ma\u00dfgeschneiderten Dienstleistungen\",\"description\":\"Your real estate agency to find the best options in the Balearic Islands.\",\"publisher\":{\"@id\":\"https:\/\/balearichomemallorca.com\/de\/#organization\"},\"potentialAction\":[{\"@type\":\"SearchAction\",\"target\":{\"@type\":\"EntryPoint\",\"urlTemplate\":\"https:\/\/balearichomemallorca.com\/de\/?s={search_term_string}\"},\"query-input\":\"required name=search_term_string\"}],\"inLanguage\":\"de\"},{\"@type\":\"Organization\",\"@id\":\"https:\/\/balearichomemallorca.com\/de\/#organization\",\"name\":\"Balearic Home Mallorca\",\"url\":\"https:\/\/balearichomemallorca.com\/de\/\",\"logo\":{\"@type\":\"ImageObject\",\"inLanguage\":\"de\",\"@id\":\"https:\/\/balearichomemallorca.com\/de\/#\/schema\/logo\/image\/\",\"url\":\"https:\/\/balearichomemallorca.com\/wp-content\/uploads\/2022\/10\/BALEARIC_logo_main.png\",\"contentUrl\":\"https:\/\/balearichomemallorca.com\/wp-content\/uploads\/2022\/10\/BALEARIC_logo_main.png\",\"width\":759,\"height\":262,\"caption\":\"Balearic Home Mallorca\"},\"image\":{\"@id\":\"https:\/\/balearichomemallorca.com\/de\/#\/schema\/logo\/image\/\"}}]}<\/script>\n<!-- \/ Yoast SEO plugin. -->","yoast_head_json":{"title":"Registrierungs- und Anmeldeformulare - Boutique-Immobilien. Ihre ma\u00dfgeschneiderten Dienstleistungen","robots":{"index":"index","follow":"follow","max-snippet":"max-snippet:-1","max-image-preview":"max-image-preview:large","max-video-preview":"max-video-preview:-1"},"canonical":"https:\/\/balearichomemallorca.com\/de\/registrierungs-und-anmeldeformulare\/","og_locale":"de_DE","og_type":"article","og_title":"Registrierungs- und Anmeldeformulare - Boutique-Immobilien. Ihre ma\u00dfgeschneiderten Dienstleistungen","og_description":"Register Estoy de acuerdo con t\u00e9rminos y condiciones Registrarse Ein Konto erstellen Iniciar sesi\u00f3n \u00bfSe te olvid\u00f3 tu contrase\u00f1a? Restablecer contrase\u00f1a Volver al inicio de sesi\u00f3n Wie es funktioniert Sie k\u00f6nnen Ihre benutzerdefinierten Login-\/Registrierungsseiten mit den Shortcodes &#8222;Register Form&#8220; und &#8222;Login Form&#8220; erstellen. Einfaches Benutzertestkonto f\u00fcr die Hauptdemo (bestimmte Mitgliedschaftspakete, verschiedene Profilinformationen) Benutzername = BenutzerKennwort = 1234 Agententestkonto f\u00fcr die Hauptdemo (bestimmte Mitgliedschaftspakete, unterschiedliche ...","og_url":"https:\/\/balearichomemallorca.com\/de\/registrierungs-und-anmeldeformulare\/","og_site_name":"Boutique-Immobilien. Ihre ma\u00dfgeschneiderten Dienstleistungen","article_modified_time":"2022-12-03T10:36:04+00:00","twitter_card":"summary_large_image","schema":{"@context":"https:\/\/schema.org","@graph":[{"@type":"WebPage","@id":"https:\/\/balearichomemallorca.com\/de\/registrierungs-und-anmeldeformulare\/","url":"https:\/\/balearichomemallorca.com\/de\/registrierungs-und-anmeldeformulare\/","name":"Registrierungs- und Anmeldeformulare - Boutique-Immobilien. Ihre ma\u00dfgeschneiderten Dienstleistungen","isPartOf":{"@id":"https:\/\/balearichomemallorca.com\/de\/#website"},"datePublished":"2021-12-10T10:58:19+00:00","dateModified":"2022-12-03T10:36:04+00:00","breadcrumb":{"@id":"https:\/\/balearichomemallorca.com\/de\/registrierungs-und-anmeldeformulare\/#breadcrumb"},"inLanguage":"de","potentialAction":[{"@type":"ReadAction","target":["https:\/\/balearichomemallorca.com\/de\/registrierungs-und-anmeldeformulare\/"]}]},{"@type":"BreadcrumbList","@id":"https:\/\/balearichomemallorca.com\/de\/registrierungs-und-anmeldeformulare\/#breadcrumb","itemListElement":[{"@type":"ListItem","position":1,"name":"Home","item":"https:\/\/balearichomemallorca.com\/de\/"},{"@type":"ListItem","position":2,"name":"Registrierungs- und Anmeldeformulare"}]},{"@type":"WebSite","@id":"https:\/\/balearichomemallorca.com\/de\/#website","url":"https:\/\/balearichomemallorca.com\/de\/","name":"Boutique-Immobilien. Ihre ma\u00dfgeschneiderten Dienstleistungen","description":"Your real estate agency to find the best options in the Balearic Islands.","publisher":{"@id":"https:\/\/balearichomemallorca.com\/de\/#organization"},"potentialAction":[{"@type":"SearchAction","target":{"@type":"EntryPoint","urlTemplate":"https:\/\/balearichomemallorca.com\/de\/?s={search_term_string}"},"query-input":"required name=search_term_string"}],"inLanguage":"de"},{"@type":"Organization","@id":"https:\/\/balearichomemallorca.com\/de\/#organization","name":"Balearic Home Mallorca","url":"https:\/\/balearichomemallorca.com\/de\/","logo":{"@type":"ImageObject","inLanguage":"de","@id":"https:\/\/balearichomemallorca.com\/de\/#\/schema\/logo\/image\/","url":"https:\/\/balearichomemallorca.com\/wp-content\/uploads\/2022\/10\/BALEARIC_logo_main.png","contentUrl":"https:\/\/balearichomemallorca.com\/wp-content\/uploads\/2022\/10\/BALEARIC_logo_main.png","width":759,"height":262,"caption":"Balearic Home Mallorca"},"image":{"@id":"https:\/\/balearichomemallorca.com\/de\/#\/schema\/logo\/image\/"}}]}},"_links":{"self":[{"href":"https:\/\/balearichomemallorca.com\/de\/wp-json\/wp\/v2\/pages\/31355","targetHints":{"allow":["GET"]}}],"collection":[{"href":"https:\/\/balearichomemallorca.com\/de\/wp-json\/wp\/v2\/pages"}],"about":[{"href":"https:\/\/balearichomemallorca.com\/de\/wp-json\/wp\/v2\/types\/page"}],"author":[{"embeddable":true,"href":"https:\/\/balearichomemallorca.com\/de\/wp-json\/wp\/v2\/users\/1"}],"replies":[{"embeddable":true,"href":"https:\/\/balearichomemallorca.com\/de\/wp-json\/wp\/v2\/comments?post=31355"}],"version-history":[{"count":2,"href":"https:\/\/balearichomemallorca.com\/de\/wp-json\/wp\/v2\/pages\/31355\/revisions"}],"predecessor-version":[{"id":31361,"href":"https:\/\/balearichomemallorca.com\/de\/wp-json\/wp\/v2\/pages\/31355\/revisions\/31361"}],"wp:attachment":[{"href":"https:\/\/balearichomemallorca.com\/de\/wp-json\/wp\/v2\/media?parent=31355"}],"curies":[{"name":"wp","href":"https:\/\/api.w.org\/{rel}","templated":true}]}}