{"id":31371,"date":"2014-10-22T12:36:54","date_gmt":"2014-10-22T10:36:54","guid":{"rendered":"http:\/\/balearichomemallorca.com\/begriffe-und-koditionen\/"},"modified":"2014-10-22T12:36:54","modified_gmt":"2014-10-22T10:36:54","slug":"begriffe-und-koditionen","status":"publish","type":"page","link":"https:\/\/balearichomemallorca.com\/de\/begriffe-und-koditionen\/","title":{"rendered":"Begriffe und Koditionen"},"content":{"rendered":"<p>  Diese Datenschutzrichtlinie regelt die Art und Weise, in der das Real Estate WordPress Theme die von den Nutzern (jeweils ein &#8222;Nutzer&#8220;) der Website <a href=\"http:\/\/wpresidence.net\/\">http:\/\/wpresidence.net\/<\/a> (&#8222;Site&#8220;) gesammelten Informationen sammelt, verwendet, pflegt und offenlegt. Diese Datenschutzrichtlinie gilt f\u00fcr die Website und alle von Real Estate WordPress Theme angebotenen Produkte und Dienstleistungen.<\/p>\n<p><b>Informationen zur pers\u00f6nlichen Identifizierung<\/b><\/p>\n<p>Wir k\u00f6nnen pers\u00f6nliche Identifikationsdaten von Nutzern auf verschiedene Weise in Verbindung mit Aktivit\u00e4ten, Diensten, Funktionen oder Ressourcen sammeln, die wir auf unserer Website &#8230;. zur Verf\u00fcgung stellen. Die Nutzer k\u00f6nnen unsere Website anonym besuchen. Wir sammeln pers\u00f6nliche Identifikationsdaten von Nutzern nur dann, wenn sie uns diese Informationen freiwillig \u00fcbermitteln. Die Nutzer k\u00f6nnen die Angabe von pers\u00f6nlichen Daten jederzeit verweigern, allerdings kann dies dazu f\u00fchren, dass sie nicht an bestimmten Aktivit\u00e4ten auf der Website teilnehmen k\u00f6nnen.<\/p>\n<p><b>Nicht-personenbezogene Identifikationsdaten<\/b><\/p>\n<p>Wir k\u00f6nnen nicht-personenbezogene Identifikationsdaten \u00fcber Benutzer sammeln, wenn diese mit unserer Website interagieren. Zu den nicht personenbezogenen Identifizierungsdaten geh\u00f6ren der Name des Browsers, die Art des Computers und technische Informationen \u00fcber die Art der Verbindung des Nutzers mit unserer Website, wie z. B. das Betriebssystem und der genutzte Internetdienstanbieter, sowie andere \u00e4hnliche Informationen.<\/p>\n<p><b>Webbrowser-Cookies<\/b><\/p>\n<p>Unsere Website kann &#8222;Cookies&#8220; verwenden, um die Benutzererfahrung zu verbessern. Der Webbrowser des Nutzers legt Cookies auf seiner Festplatte ab, um Daten zu speichern und manchmal auch, um Informationen \u00fcber den Nutzer zu verfolgen. Die Nutzer k\u00f6nnen ihren Webbrowser so einstellen, dass er Cookies ablehnt oder sie warnt, wenn Cookies gesendet werden. In diesem Fall ist zu beachten, dass einige Teile der Website m\u00f6glicherweise nicht ordnungsgem\u00e4\u00df funktionieren.<\/p>\n<p><b>Wie wir Ihre Informationen sch\u00fctzen<\/b><\/p>\n<p>Wir wenden angemessene Verfahren zur Datenerfassung, -speicherung und -verarbeitung sowie Sicherheitsma\u00dfnahmen an, um Ihre pers\u00f6nlichen Daten, Ihren Benutzernamen, Ihr Passwort, Ihre Transaktionsdaten und die auf unserer Website gespeicherten Daten vor unbefugtem Zugriff, Ver\u00e4nderung, Offenlegung oder Zerst\u00f6rung zu sch\u00fctzen.<\/p>\n<p><b>Weitergabe Ihrer pers\u00f6nlichen Informationen<\/b><\/p>\n<p>Wir verkaufen, tauschen oder vermieten die pers\u00f6nlichen Daten der Benutzer nicht an andere. Wir k\u00f6nnen allgemeine, zusammengefasste demografische Daten, die nicht mit pers\u00f6nlichen Identifikationsdaten \u00fcber Besucher und Nutzer verkn\u00fcpft sind, zu den oben genannten Zwecken an unsere Gesch\u00e4ftspartner, vertrauensw\u00fcrdige Tochtergesellschaften und Werbetreibende weitergeben.<\/p>\n<p><b>\u00c4nderungen an dieser Datenschutzrichtlinie<\/b><\/p>\n<p>Real Estate WordPress Theme liegt im Ermessen, diese Datenschutzrichtlinie jederzeit zu aktualisieren. Wenn wir dies tun, werden wir das aktualisierte Datum am Ende dieser Seite \u00e4ndern. Wir ermutigen die Benutzer, diese Seite regelm\u00e4\u00dfig auf \u00c4nderungen zu \u00fcberpr\u00fcfen, um dar\u00fcber informiert zu bleiben, wie wir zum Schutz der von uns erfassten pers\u00f6nlichen Daten beitragen. Sie erkennen an und stimmen zu, dass es in Ihrer Verantwortung liegt, diese Datenschutzerkl\u00e4rung regelm\u00e4\u00dfig zu \u00fcberpr\u00fcfen und sich \u00fcber \u00c4nderungen zu informieren.<\/p>\n<p><b>Ihre Zustimmung zu diesen Bedingungen<\/b><\/p>\n<p>Durch die Nutzung dieser Website erkl\u00e4ren Sie Ihr Einverst\u00e4ndnis mit dieser Politik. Wenn Sie mit dieser Politik nicht einverstanden sind, nutzen Sie unsere Website bitte nicht. Ihre fortgesetzte Nutzung der Website nach der Ver\u00f6ffentlichung von \u00c4nderungen an dieser Richtlinie wird als Ihre Zustimmung zu diesen \u00c4nderungen angesehen.<\/p>\n<p><b>\u00c4nderungen an dieser Datenschutzrichtlinie<\/b><\/p>\n<p>Real Estate WordPress Theme liegt im Ermessen, diese Datenschutzrichtlinie jederzeit zu aktualisieren. Wenn wir dies tun, werden wir das aktualisierte Datum am Ende dieser Seite \u00e4ndern. Wir ermutigen die Benutzer, diese Seite regelm\u00e4\u00dfig auf \u00c4nderungen zu \u00fcberpr\u00fcfen, um dar\u00fcber informiert zu bleiben, wie wir zum Schutz der von uns erfassten pers\u00f6nlichen Daten beitragen. Sie erkennen an und stimmen zu, dass es in Ihrer Verantwortung liegt, diese Datenschutzerkl\u00e4rung regelm\u00e4\u00dfig zu \u00fcberpr\u00fcfen und sich \u00fcber \u00c4nderungen zu informieren.<\/p>\n<p><b>Ihre Zustimmung zu diesen Bedingungen<\/b><\/p>\n<p>Durch die Nutzung dieser Website erkl\u00e4ren Sie Ihr Einverst\u00e4ndnis mit dieser Politik. Wenn Sie mit dieser Politik nicht einverstanden sind, nutzen Sie unsere Website bitte nicht. Ihre fortgesetzte Nutzung der Website nach der Ver\u00f6ffentlichung von \u00c4nderungen an dieser Richtlinie wird als Ihre Zustimmung zu diesen \u00c4nderungen angesehen.  <\/p>\n","protected":false},"excerpt":{"rendered":"<p>Diese Datenschutzrichtlinie regelt die Art und Weise, in der das Real Estate WordPress Theme die von den Nutzern (jeweils ein &#8222;Nutzer&#8220;) der Website http:\/\/wpresidence.net\/ (&#8222;Site&#8220;) gesammelten Informationen sammelt, verwendet, pflegt und offenlegt. Diese Datenschutzrichtlinie gilt f\u00fcr die Website und alle von Real Estate WordPress Theme angebotenen Produkte und Dienstleistungen. Informationen zur pers\u00f6nlichen Identifizierung Wir k\u00f6nnen pers\u00f6nliche Identifikationsdaten von Nutzern auf verschiedene Weise in Verbindung &#8230;<\/p>\n","protected":false},"author":1,"featured_media":0,"parent":0,"menu_order":0,"comment_status":"closed","ping_status":"closed","template":"terms_conditions.php","meta":{"footnotes":""},"class_list":["post-31371","page","type-page","status-publish","hentry"],"yoast_head":"<!-- This site is optimized with the Yoast SEO plugin v23.0 - https:\/\/yoast.com\/wordpress\/plugins\/seo\/ -->\n<title>Begriffe und Koditionen - Boutique-Immobilien. Ihre ma\u00dfgeschneiderten Dienstleistungen<\/title>\n<meta name=\"robots\" content=\"index, follow, max-snippet:-1, max-image-preview:large, max-video-preview:-1\" \/>\n<link rel=\"canonical\" href=\"https:\/\/balearichomemallorca.com\/de\/begriffe-und-koditionen\/\" \/>\n<meta property=\"og:locale\" content=\"de_DE\" \/>\n<meta property=\"og:type\" content=\"article\" \/>\n<meta property=\"og:title\" content=\"Begriffe und Koditionen - Boutique-Immobilien. Ihre ma\u00dfgeschneiderten Dienstleistungen\" \/>\n<meta property=\"og:description\" content=\"Diese Datenschutzrichtlinie regelt die Art und Weise, in der das Real Estate WordPress Theme die von den Nutzern (jeweils ein &#8222;Nutzer&#8220;) der Website http:\/\/wpresidence.net\/ (&#8222;Site&#8220;) gesammelten Informationen sammelt, verwendet, pflegt und offenlegt. Diese Datenschutzrichtlinie gilt f\u00fcr die Website und alle von Real Estate WordPress Theme angebotenen Produkte und Dienstleistungen. Informationen zur pers\u00f6nlichen Identifizierung Wir k\u00f6nnen pers\u00f6nliche Identifikationsdaten von Nutzern auf verschiedene Weise in Verbindung ...\" \/>\n<meta property=\"og:url\" content=\"https:\/\/balearichomemallorca.com\/de\/begriffe-und-koditionen\/\" \/>\n<meta property=\"og:site_name\" content=\"Boutique-Immobilien. Ihre ma\u00dfgeschneiderten Dienstleistungen\" \/>\n<meta name=\"twitter:card\" content=\"summary_large_image\" \/>\n<meta name=\"twitter:label1\" content=\"Gesch\u00e4tzte Lesezeit\" \/>\n\t<meta name=\"twitter:data1\" content=\"3\u00a0Minuten\" \/>\n<script type=\"application\/ld+json\" class=\"yoast-schema-graph\">{\"@context\":\"https:\/\/schema.org\",\"@graph\":[{\"@type\":\"WebPage\",\"@id\":\"https:\/\/balearichomemallorca.com\/de\/begriffe-und-koditionen\/\",\"url\":\"https:\/\/balearichomemallorca.com\/de\/begriffe-und-koditionen\/\",\"name\":\"Begriffe und Koditionen - Boutique-Immobilien. Ihre ma\u00dfgeschneiderten Dienstleistungen\",\"isPartOf\":{\"@id\":\"https:\/\/balearichomemallorca.com\/de\/#website\"},\"datePublished\":\"2014-10-22T10:36:54+00:00\",\"dateModified\":\"2014-10-22T10:36:54+00:00\",\"breadcrumb\":{\"@id\":\"https:\/\/balearichomemallorca.com\/de\/begriffe-und-koditionen\/#breadcrumb\"},\"inLanguage\":\"de\",\"potentialAction\":[{\"@type\":\"ReadAction\",\"target\":[\"https:\/\/balearichomemallorca.com\/de\/begriffe-und-koditionen\/\"]}]},{\"@type\":\"BreadcrumbList\",\"@id\":\"https:\/\/balearichomemallorca.com\/de\/begriffe-und-koditionen\/#breadcrumb\",\"itemListElement\":[{\"@type\":\"ListItem\",\"position\":1,\"name\":\"Home\",\"item\":\"https:\/\/balearichomemallorca.com\/de\/\"},{\"@type\":\"ListItem\",\"position\":2,\"name\":\"Begriffe und Koditionen\"}]},{\"@type\":\"WebSite\",\"@id\":\"https:\/\/balearichomemallorca.com\/de\/#website\",\"url\":\"https:\/\/balearichomemallorca.com\/de\/\",\"name\":\"Boutique-Immobilien. Ihre ma\u00dfgeschneiderten Dienstleistungen\",\"description\":\"Your real estate agency to find the best options in the Balearic Islands.\",\"publisher\":{\"@id\":\"https:\/\/balearichomemallorca.com\/de\/#organization\"},\"potentialAction\":[{\"@type\":\"SearchAction\",\"target\":{\"@type\":\"EntryPoint\",\"urlTemplate\":\"https:\/\/balearichomemallorca.com\/de\/?s={search_term_string}\"},\"query-input\":\"required name=search_term_string\"}],\"inLanguage\":\"de\"},{\"@type\":\"Organization\",\"@id\":\"https:\/\/balearichomemallorca.com\/de\/#organization\",\"name\":\"Balearic Home Mallorca\",\"url\":\"https:\/\/balearichomemallorca.com\/de\/\",\"logo\":{\"@type\":\"ImageObject\",\"inLanguage\":\"de\",\"@id\":\"https:\/\/balearichomemallorca.com\/de\/#\/schema\/logo\/image\/\",\"url\":\"https:\/\/balearichomemallorca.com\/wp-content\/uploads\/2022\/10\/BALEARIC_logo_main.png\",\"contentUrl\":\"https:\/\/balearichomemallorca.com\/wp-content\/uploads\/2022\/10\/BALEARIC_logo_main.png\",\"width\":759,\"height\":262,\"caption\":\"Balearic Home Mallorca\"},\"image\":{\"@id\":\"https:\/\/balearichomemallorca.com\/de\/#\/schema\/logo\/image\/\"}}]}<\/script>\n<!-- \/ Yoast SEO plugin. -->","yoast_head_json":{"title":"Begriffe und Koditionen - Boutique-Immobilien. Ihre ma\u00dfgeschneiderten Dienstleistungen","robots":{"index":"index","follow":"follow","max-snippet":"max-snippet:-1","max-image-preview":"max-image-preview:large","max-video-preview":"max-video-preview:-1"},"canonical":"https:\/\/balearichomemallorca.com\/de\/begriffe-und-koditionen\/","og_locale":"de_DE","og_type":"article","og_title":"Begriffe und Koditionen - Boutique-Immobilien. Ihre ma\u00dfgeschneiderten Dienstleistungen","og_description":"Diese Datenschutzrichtlinie regelt die Art und Weise, in der das Real Estate WordPress Theme die von den Nutzern (jeweils ein &#8222;Nutzer&#8220;) der Website http:\/\/wpresidence.net\/ (&#8222;Site&#8220;) gesammelten Informationen sammelt, verwendet, pflegt und offenlegt. Diese Datenschutzrichtlinie gilt f\u00fcr die Website und alle von Real Estate WordPress Theme angebotenen Produkte und Dienstleistungen. Informationen zur pers\u00f6nlichen Identifizierung Wir k\u00f6nnen pers\u00f6nliche Identifikationsdaten von Nutzern auf verschiedene Weise in Verbindung ...","og_url":"https:\/\/balearichomemallorca.com\/de\/begriffe-und-koditionen\/","og_site_name":"Boutique-Immobilien. Ihre ma\u00dfgeschneiderten Dienstleistungen","twitter_card":"summary_large_image","twitter_misc":{"Gesch\u00e4tzte Lesezeit":"3\u00a0Minuten"},"schema":{"@context":"https:\/\/schema.org","@graph":[{"@type":"WebPage","@id":"https:\/\/balearichomemallorca.com\/de\/begriffe-und-koditionen\/","url":"https:\/\/balearichomemallorca.com\/de\/begriffe-und-koditionen\/","name":"Begriffe und Koditionen - Boutique-Immobilien. Ihre ma\u00dfgeschneiderten Dienstleistungen","isPartOf":{"@id":"https:\/\/balearichomemallorca.com\/de\/#website"},"datePublished":"2014-10-22T10:36:54+00:00","dateModified":"2014-10-22T10:36:54+00:00","breadcrumb":{"@id":"https:\/\/balearichomemallorca.com\/de\/begriffe-und-koditionen\/#breadcrumb"},"inLanguage":"de","potentialAction":[{"@type":"ReadAction","target":["https:\/\/balearichomemallorca.com\/de\/begriffe-und-koditionen\/"]}]},{"@type":"BreadcrumbList","@id":"https:\/\/balearichomemallorca.com\/de\/begriffe-und-koditionen\/#breadcrumb","itemListElement":[{"@type":"ListItem","position":1,"name":"Home","item":"https:\/\/balearichomemallorca.com\/de\/"},{"@type":"ListItem","position":2,"name":"Begriffe und Koditionen"}]},{"@type":"WebSite","@id":"https:\/\/balearichomemallorca.com\/de\/#website","url":"https:\/\/balearichomemallorca.com\/de\/","name":"Boutique-Immobilien. Ihre ma\u00dfgeschneiderten Dienstleistungen","description":"Your real estate agency to find the best options in the Balearic Islands.","publisher":{"@id":"https:\/\/balearichomemallorca.com\/de\/#organization"},"potentialAction":[{"@type":"SearchAction","target":{"@type":"EntryPoint","urlTemplate":"https:\/\/balearichomemallorca.com\/de\/?s={search_term_string}"},"query-input":"required name=search_term_string"}],"inLanguage":"de"},{"@type":"Organization","@id":"https:\/\/balearichomemallorca.com\/de\/#organization","name":"Balearic Home Mallorca","url":"https:\/\/balearichomemallorca.com\/de\/","logo":{"@type":"ImageObject","inLanguage":"de","@id":"https:\/\/balearichomemallorca.com\/de\/#\/schema\/logo\/image\/","url":"https:\/\/balearichomemallorca.com\/wp-content\/uploads\/2022\/10\/BALEARIC_logo_main.png","contentUrl":"https:\/\/balearichomemallorca.com\/wp-content\/uploads\/2022\/10\/BALEARIC_logo_main.png","width":759,"height":262,"caption":"Balearic Home Mallorca"},"image":{"@id":"https:\/\/balearichomemallorca.com\/de\/#\/schema\/logo\/image\/"}}]}},"_links":{"self":[{"href":"https:\/\/balearichomemallorca.com\/de\/wp-json\/wp\/v2\/pages\/31371","targetHints":{"allow":["GET"]}}],"collection":[{"href":"https:\/\/balearichomemallorca.com\/de\/wp-json\/wp\/v2\/pages"}],"about":[{"href":"https:\/\/balearichomemallorca.com\/de\/wp-json\/wp\/v2\/types\/page"}],"author":[{"embeddable":true,"href":"https:\/\/balearichomemallorca.com\/de\/wp-json\/wp\/v2\/users\/1"}],"replies":[{"embeddable":true,"href":"https:\/\/balearichomemallorca.com\/de\/wp-json\/wp\/v2\/comments?post=31371"}],"version-history":[{"count":0,"href":"https:\/\/balearichomemallorca.com\/de\/wp-json\/wp\/v2\/pages\/31371\/revisions"}],"wp:attachment":[{"href":"https:\/\/balearichomemallorca.com\/de\/wp-json\/wp\/v2\/media?parent=31371"}],"curies":[{"name":"wp","href":"https:\/\/api.w.org\/{rel}","templated":true}]}}