{"id":35425,"date":"2023-12-05T10:27:02","date_gmt":"2023-12-05T09:27:02","guid":{"rendered":"https:\/\/balearichomemallorca.com\/cookie-richtlinie\/"},"modified":"2023-12-05T13:23:24","modified_gmt":"2023-12-05T12:23:24","slug":"cookie-richtlinie","status":"publish","type":"page","link":"https:\/\/balearichomemallorca.com\/de\/cookie-richtlinie\/","title":{"rendered":"Cookie-Richtlinie"},"content":{"rendered":"\n<p><em>Letztes Update: 14. November 2023.<\/em><\/p>\n\n<p><strong>Zusammenfassung<\/strong><\/p>\n\n<p><strong>Cookie-Richtlinie<\/strong><\/p>\n\n<ul class=\"wp-block-list\">\n<li>Verwendete Cookies: <strong>Eigene und von Drittanbietern.<\/strong><\/li>\n\n\n\n<li>Werden sie verwendet, um Statistiken zu erhalten? Ja<\/li>\n\n\n\n<li>Werden sie f\u00fcr Werbung genutzt? Ja<\/li>\n\n\n\n<li>Dienste von Drittanbietern, die \u00fcber diese Website Cookies installieren: <strong>Google Analytics.<\/strong> <\/li>\n<\/ul>\n\n<p><strong>Wie man Cookies konfiguriert und deaktiviert<\/strong> <\/p>\n\n<p>Sie k\u00f6nnen die auf Ihrem Ger\u00e4t installierten Cookies \u00fcber Ihren Webbrowser zulassen, blockieren oder l\u00f6schen. Wenn Sie die Installation von Cookies auf Ihrem Ger\u00e4t nicht zulassen, kann sich das Browsen schlechter gestalten. Nachstehend erfahren Sie, wie Sie in jedem Browser Cookies setzen k\u00f6nnen: <\/p>\n\n<ul class=\"wp-block-list\">\n<li><a href=\"https:\/\/support.microsoft.com\/es-es\/windows\/microsoft-edge-datos-de-exploraci%C3%B3n-y-privacidad-bb8174ba-9d73-dcf2-9b4a-c582b4e640dd\" target=\"_blank\" rel=\"noreferrer noopener\">Edge<\/a><\/li>\n\n\n\n<li><a href=\"https:\/\/support.google.com\/chrome\/answer\/95647?hl=es\" target=\"_blank\" rel=\"noreferrer noopener\">Google Chrome<\/a><\/li>\n\n\n\n<li><a href=\"https:\/\/support.google.com\/chrome\/answer\/114662?hl=es&amp;visit_id=1-636664625754483085-1648636281&amp;rd=1&amp;co=GENIE.Platform%3DAndroid&amp;oco=1\">Google Android<\/a><\/li>\n\n\n\n<li><a href=\"https:\/\/support.microsoft.com\/es-es\/windows\/eliminar-y-administrar-cookies-168dab11-0753-043d-7c16-ede5947fc64d\" target=\"_blank\" rel=\"noreferrer noopener\">Internet Explorer 8<\/a> <\/li>\n\n\n\n<li><a href=\"https:\/\/support.microsoft.com\/es-es\/topic\/c%C3%B3mo-eliminar-archivos-de-cookies-en-internet-explorer-bca9446f-d873-78de-77ba-d42645fa52fc\" target=\"_blank\" rel=\"noreferrer noopener\">Internet Explorer 9<\/a> <\/li>\n\n\n\n<li><a href=\"https:\/\/support.microsoft.com\/es-es\/windows\/eliminar-y-administrar-cookies-168dab11-0753-043d-7c16-ede5947fc64d#ie=ie-10\" target=\"_blank\" rel=\"noreferrer noopener\">Internet Explorer 11 <\/a><\/li>\n\n\n\n<li><a href=\"https:\/\/support.mozilla.org\/es\/kb\/habilitar-y-deshabilitar-cookies-sitios-web-rastrear-preferencias?redirectslug=habilitar-y-deshabilitar-cookies-que-los-sitios-we&amp;redirectlocale=es\" target=\"_blank\" rel=\"noreferrer noopener\">Mozilla Firefox<\/a><\/li>\n\n\n\n<li><a href=\"https:\/\/help.opera.com\/en\/latest\/web-preferences\/#cookies\" target=\"_blank\" rel=\"noreferrer noopener\">Opera<\/a><\/li>\n\n\n\n<li><a href=\"https:\/\/support.apple.com\/es-es\/guide\/safari\/sfri11471\/mac\" target=\"_blank\" rel=\"noreferrer noopener\">Safari<\/a><\/li>\n\n\n\n<li><a href=\"https:\/\/support.apple.com\/es-es\/HT201265\" target=\"_blank\" rel=\"noreferrer noopener\">Safari Mobile<\/a><\/li>\n\n\n\n<li><a href=\"https:\/\/support.brave.com\/hc\/en-us\/articles\/360050634931-How-Do-I-Manage-Cookies-In-Brave-\" target=\"_blank\" rel=\"noreferrer noopener\">Brave<\/a><\/li>\n<\/ul>\n\n<p><strong>1.- Typen und Verwendungen<\/strong> <\/p>\n\n<p>Der Dienst verwendet eigene und fremde Cookies, um die Navigation zu verbessern, den Dienst anzubieten und Statistiken \u00fcber die Nutzung der Website zu erhalten. <\/p>\n\n<p><strong>2.- Was ist ein Cookie und wozu dient er?<\/strong> <\/p>\n\n<p>Ein Cookie ist eine Textdatei, die an den Webbrowser Ihres Computers, Mobiltelefons oder Tablets gesendet wird und die dazu dient, Informationen \u00fcber die durchgef\u00fchrte Navigation zu speichern und abzurufen. Beispielsweise merkt sich ein Cookie Ihren Benutzernamen und Ihr Passwort oder Ihre Profil Pr\u00e4ferenzen. <\/p>\n\n<p><strong>3.- Welche Arten von Cookies gibt es?<\/strong> <\/p>\n\n<p>Je nachdem, wer diese verwaltet:<\/p>\n\n<ul class=\"wp-block-list\">\n<li>Eigene Cookies; sie werden von unseren Computern oder Web Dom\u00e4nen an Ihren Browser gesendet.<\/li>\n\n\n\n<li>Cookies von Dritten; sie werden von einem Computer oder einer Webdom\u00e4ne, die nicht direkt von uns, sondern von einem Dritten wie Google verwaltet wird, an Ihren Browser gesendet. <\/li>\n<\/ul>\n\n<p>Je nachdem, wie lange sie aktiv sind, gibt es Folgende:<\/p>\n\n<ul class=\"wp-block-list\">\n<li>Session-Cookies; Sie bleiben in der Cookie-Datei Ihres Browsers, bis Sie die Webseite verlassen, so dass keine auf Ihrem Ger\u00e4t verbleiben.<\/li>\n\n\n\n<li>Dauerhafte Cookies; sie verbleiben auf Ihrem Ger\u00e4t und unsere Webseite liest sie bei jedem erneuten Besuch. Diese Cookies funktionieren ab einem bestimmten Datum nicht mehr. <\/li>\n<\/ul>\n\n<p>Und zuletzt, entsprechend ihrem Zweck, haben wir:<\/p>\n\n<ul class=\"wp-block-list\">\n<li>Technische Cookies; sie verbessern die Navigation und die korrekte Funktionsf\u00e4higkeit der Webseite.<\/li>\n\n\n\n<li>Personalisierungs-Cookies; sie erm\u00f6glichen den Zugang zu einem bestimmten Dienst mit vordefinierten Merkmalen gem\u00e4\u00df einer Reihe von Kriterien.<\/li>\n\n\n\n<li>Analyse-Cookies; sie erm\u00f6glichen die Nutzung der erbrachten Dienstleistung zu messen und statistisch zu analysieren. <\/li>\n<\/ul>\n\n<p>Verwendete Cookies von <strong>Balearic Home Mallorca<\/strong>:<\/p>\n\n<figure class=\"wp-block-table\"><table><tbody><tr><td><strong>Name<\/strong><\/td><td><strong>Anbieter<\/strong><\/td><td><strong>Zweck<\/strong><\/td><td><strong>Typ<\/strong><\/td><td><strong>Ablauf<\/strong><\/td><\/tr><tr><td>_ga_YB4TTRSHS3<\/td><td>.balearichomemallorca.com<\/td><td>Analytisch<\/td><td>Dritte<\/td><td>13 Monat<\/td><\/tr><tr><td>_ga<\/td><td>.balearichomemallorca.com<\/td><td>Analytisch<\/td><td>Dritte<\/td><td>13 Monat<\/td><\/tr><tr><td>_ga_DWWSSKLLZ3<\/td><td>.balearichomemallorca.com<\/td><td>Analytisch<\/td><td>Dritte<\/td><td>13 Monat<\/td><\/tr><tr><td>_ga_09DFCJN217<\/td><td>.balearichomemallorca.com<\/td><td>Analytisch<\/td><td>Dritte<\/td><td>13 Monat<\/td><\/tr><tr><td>moove_gdpr_popup<\/td><td>.balearichomemallorca.com<\/td><td>Analytisch<\/td><td>Erste<\/td><td>1 Jahr<\/td><\/tr><tr><td>wpestate_favorites<\/td><td>.balearichomemallorca.com<\/td><td>Technische<\/td><td>Erste<\/td><td>10 Tage<\/td><\/tr><tr><td>wp-wpml_current_language<\/td><td>.balearichomemallorca.com<\/td><td>Technische<\/td><td>Erste<\/td><td>Sitzung<\/td><\/tr><tr><td>__Secure-ENID<\/td><td>.google.com<\/td><td>Technische<\/td><td>Dritte<\/td><td>13 Monat<\/td><\/tr><tr><td>SOCS<\/td><td>.google.com<\/td><td>Analytisch<\/td><td>Dritte<\/td><td>13 Monat<\/td><\/tr><tr><td>CONSENT<\/td><td>.google.com<\/td><td>Analytisch<\/td><td>Dritte<\/td><td>13 Monat<\/td><\/tr><tr><td>AEC<\/td><td>.google.com<\/td><td>Analytisch<\/td><td>Dritte<\/td><td>18 Monat<\/td><\/tr><\/tbody><\/table><\/figure>\n\n<p>Liste der Cookies von Drittanbietern:<\/p>\n\n<p><a href=\"https:\/\/developers.google.com\/analytics\/devguides\/collection\/analyticsjs\/cookie-usage?hl=es-419\" target=\"_blank\" rel=\"noreferrer noopener\">Google Analytics<\/a>: Ihre Cookies (wie z.B. _ga) erm\u00f6glichen es uns zu z\u00e4hlen, wie oft ein Benutzer eine Webseite wie, wann und von wo aus besucht.<\/p>\n\n<p>In jedem Fall k\u00f6nnen Sie die Google Analytics-Cookies von <a href=\"https:\/\/tools.google.com\/dlpage\/gaoptout\" target=\"_blank\" rel=\"noreferrer noopener\">hier<\/a> aus deaktivieren.<\/p>\n","protected":false},"excerpt":{"rendered":"<p>Letztes Update: 14. November 2023. Zusammenfassung Cookie-Richtlinie Wie man Cookies konfiguriert und deaktiviert Sie k\u00f6nnen die auf Ihrem Ger\u00e4t installierten Cookies \u00fcber Ihren Webbrowser zulassen, blockieren oder l\u00f6schen. Wenn Sie die Installation von Cookies auf Ihrem Ger\u00e4t nicht zulassen, kann sich das Browsen schlechter gestalten. Nachstehend erfahren Sie, wie Sie in jedem Browser Cookies setzen k\u00f6nnen: 1.- Typen und Verwendungen Der Dienst verwendet eigene &#8230;<\/p>\n","protected":false},"author":3,"featured_media":0,"parent":0,"menu_order":0,"comment_status":"closed","ping_status":"closed","template":"terms_conditions.php","meta":{"footnotes":""},"class_list":["post-35425","page","type-page","status-publish","hentry"],"yoast_head":"<!-- This site is optimized with the Yoast SEO plugin v23.0 - https:\/\/yoast.com\/wordpress\/plugins\/seo\/ -->\n<title>Cookie-Richtlinie - Boutique-Immobilien. Ihre ma\u00dfgeschneiderten Dienstleistungen<\/title>\n<meta name=\"robots\" content=\"index, follow, max-snippet:-1, max-image-preview:large, max-video-preview:-1\" \/>\n<link rel=\"canonical\" href=\"https:\/\/balearichomemallorca.com\/de\/cookie-richtlinie\/\" \/>\n<meta property=\"og:locale\" content=\"de_DE\" \/>\n<meta property=\"og:type\" content=\"article\" \/>\n<meta property=\"og:title\" content=\"Cookie-Richtlinie - Boutique-Immobilien. Ihre ma\u00dfgeschneiderten Dienstleistungen\" \/>\n<meta property=\"og:description\" content=\"Letztes Update: 14. November 2023. Zusammenfassung Cookie-Richtlinie Wie man Cookies konfiguriert und deaktiviert Sie k\u00f6nnen die auf Ihrem Ger\u00e4t installierten Cookies \u00fcber Ihren Webbrowser zulassen, blockieren oder l\u00f6schen. Wenn Sie die Installation von Cookies auf Ihrem Ger\u00e4t nicht zulassen, kann sich das Browsen schlechter gestalten. Nachstehend erfahren Sie, wie Sie in jedem Browser Cookies setzen k\u00f6nnen: 1.- Typen und Verwendungen Der Dienst verwendet eigene ...\" \/>\n<meta property=\"og:url\" content=\"https:\/\/balearichomemallorca.com\/de\/cookie-richtlinie\/\" \/>\n<meta property=\"og:site_name\" content=\"Boutique-Immobilien. Ihre ma\u00dfgeschneiderten Dienstleistungen\" \/>\n<meta property=\"article:modified_time\" content=\"2023-12-05T12:23:24+00:00\" \/>\n<meta name=\"twitter:card\" content=\"summary_large_image\" \/>\n<meta name=\"twitter:label1\" content=\"Gesch\u00e4tzte Lesezeit\" \/>\n\t<meta name=\"twitter:data1\" content=\"2\u00a0Minuten\" \/>\n<script type=\"application\/ld+json\" class=\"yoast-schema-graph\">{\"@context\":\"https:\/\/schema.org\",\"@graph\":[{\"@type\":\"WebPage\",\"@id\":\"https:\/\/balearichomemallorca.com\/de\/cookie-richtlinie\/\",\"url\":\"https:\/\/balearichomemallorca.com\/de\/cookie-richtlinie\/\",\"name\":\"Cookie-Richtlinie - Boutique-Immobilien. Ihre ma\u00dfgeschneiderten Dienstleistungen\",\"isPartOf\":{\"@id\":\"https:\/\/balearichomemallorca.com\/de\/#website\"},\"datePublished\":\"2023-12-05T09:27:02+00:00\",\"dateModified\":\"2023-12-05T12:23:24+00:00\",\"breadcrumb\":{\"@id\":\"https:\/\/balearichomemallorca.com\/de\/cookie-richtlinie\/#breadcrumb\"},\"inLanguage\":\"de\",\"potentialAction\":[{\"@type\":\"ReadAction\",\"target\":[\"https:\/\/balearichomemallorca.com\/de\/cookie-richtlinie\/\"]}]},{\"@type\":\"BreadcrumbList\",\"@id\":\"https:\/\/balearichomemallorca.com\/de\/cookie-richtlinie\/#breadcrumb\",\"itemListElement\":[{\"@type\":\"ListItem\",\"position\":1,\"name\":\"Home\",\"item\":\"https:\/\/balearichomemallorca.com\/de\/\"},{\"@type\":\"ListItem\",\"position\":2,\"name\":\"Cookie-Richtlinie\"}]},{\"@type\":\"WebSite\",\"@id\":\"https:\/\/balearichomemallorca.com\/de\/#website\",\"url\":\"https:\/\/balearichomemallorca.com\/de\/\",\"name\":\"Boutique-Immobilien. Ihre ma\u00dfgeschneiderten Dienstleistungen\",\"description\":\"Your real estate agency to find the best options in the Balearic Islands.\",\"publisher\":{\"@id\":\"https:\/\/balearichomemallorca.com\/de\/#organization\"},\"potentialAction\":[{\"@type\":\"SearchAction\",\"target\":{\"@type\":\"EntryPoint\",\"urlTemplate\":\"https:\/\/balearichomemallorca.com\/de\/?s={search_term_string}\"},\"query-input\":\"required name=search_term_string\"}],\"inLanguage\":\"de\"},{\"@type\":\"Organization\",\"@id\":\"https:\/\/balearichomemallorca.com\/de\/#organization\",\"name\":\"Balearic Home Mallorca\",\"url\":\"https:\/\/balearichomemallorca.com\/de\/\",\"logo\":{\"@type\":\"ImageObject\",\"inLanguage\":\"de\",\"@id\":\"https:\/\/balearichomemallorca.com\/de\/#\/schema\/logo\/image\/\",\"url\":\"https:\/\/balearichomemallorca.com\/wp-content\/uploads\/2022\/10\/BALEARIC_logo_main.png\",\"contentUrl\":\"https:\/\/balearichomemallorca.com\/wp-content\/uploads\/2022\/10\/BALEARIC_logo_main.png\",\"width\":759,\"height\":262,\"caption\":\"Balearic Home Mallorca\"},\"image\":{\"@id\":\"https:\/\/balearichomemallorca.com\/de\/#\/schema\/logo\/image\/\"}}]}<\/script>\n<!-- \/ Yoast SEO plugin. -->","yoast_head_json":{"title":"Cookie-Richtlinie - Boutique-Immobilien. Ihre ma\u00dfgeschneiderten Dienstleistungen","robots":{"index":"index","follow":"follow","max-snippet":"max-snippet:-1","max-image-preview":"max-image-preview:large","max-video-preview":"max-video-preview:-1"},"canonical":"https:\/\/balearichomemallorca.com\/de\/cookie-richtlinie\/","og_locale":"de_DE","og_type":"article","og_title":"Cookie-Richtlinie - Boutique-Immobilien. Ihre ma\u00dfgeschneiderten Dienstleistungen","og_description":"Letztes Update: 14. November 2023. Zusammenfassung Cookie-Richtlinie Wie man Cookies konfiguriert und deaktiviert Sie k\u00f6nnen die auf Ihrem Ger\u00e4t installierten Cookies \u00fcber Ihren Webbrowser zulassen, blockieren oder l\u00f6schen. Wenn Sie die Installation von Cookies auf Ihrem Ger\u00e4t nicht zulassen, kann sich das Browsen schlechter gestalten. Nachstehend erfahren Sie, wie Sie in jedem Browser Cookies setzen k\u00f6nnen: 1.- Typen und Verwendungen Der Dienst verwendet eigene ...","og_url":"https:\/\/balearichomemallorca.com\/de\/cookie-richtlinie\/","og_site_name":"Boutique-Immobilien. Ihre ma\u00dfgeschneiderten Dienstleistungen","article_modified_time":"2023-12-05T12:23:24+00:00","twitter_card":"summary_large_image","twitter_misc":{"Gesch\u00e4tzte Lesezeit":"2\u00a0Minuten"},"schema":{"@context":"https:\/\/schema.org","@graph":[{"@type":"WebPage","@id":"https:\/\/balearichomemallorca.com\/de\/cookie-richtlinie\/","url":"https:\/\/balearichomemallorca.com\/de\/cookie-richtlinie\/","name":"Cookie-Richtlinie - Boutique-Immobilien. Ihre ma\u00dfgeschneiderten Dienstleistungen","isPartOf":{"@id":"https:\/\/balearichomemallorca.com\/de\/#website"},"datePublished":"2023-12-05T09:27:02+00:00","dateModified":"2023-12-05T12:23:24+00:00","breadcrumb":{"@id":"https:\/\/balearichomemallorca.com\/de\/cookie-richtlinie\/#breadcrumb"},"inLanguage":"de","potentialAction":[{"@type":"ReadAction","target":["https:\/\/balearichomemallorca.com\/de\/cookie-richtlinie\/"]}]},{"@type":"BreadcrumbList","@id":"https:\/\/balearichomemallorca.com\/de\/cookie-richtlinie\/#breadcrumb","itemListElement":[{"@type":"ListItem","position":1,"name":"Home","item":"https:\/\/balearichomemallorca.com\/de\/"},{"@type":"ListItem","position":2,"name":"Cookie-Richtlinie"}]},{"@type":"WebSite","@id":"https:\/\/balearichomemallorca.com\/de\/#website","url":"https:\/\/balearichomemallorca.com\/de\/","name":"Boutique-Immobilien. Ihre ma\u00dfgeschneiderten Dienstleistungen","description":"Your real estate agency to find the best options in the Balearic Islands.","publisher":{"@id":"https:\/\/balearichomemallorca.com\/de\/#organization"},"potentialAction":[{"@type":"SearchAction","target":{"@type":"EntryPoint","urlTemplate":"https:\/\/balearichomemallorca.com\/de\/?s={search_term_string}"},"query-input":"required name=search_term_string"}],"inLanguage":"de"},{"@type":"Organization","@id":"https:\/\/balearichomemallorca.com\/de\/#organization","name":"Balearic Home Mallorca","url":"https:\/\/balearichomemallorca.com\/de\/","logo":{"@type":"ImageObject","inLanguage":"de","@id":"https:\/\/balearichomemallorca.com\/de\/#\/schema\/logo\/image\/","url":"https:\/\/balearichomemallorca.com\/wp-content\/uploads\/2022\/10\/BALEARIC_logo_main.png","contentUrl":"https:\/\/balearichomemallorca.com\/wp-content\/uploads\/2022\/10\/BALEARIC_logo_main.png","width":759,"height":262,"caption":"Balearic Home Mallorca"},"image":{"@id":"https:\/\/balearichomemallorca.com\/de\/#\/schema\/logo\/image\/"}}]}},"_links":{"self":[{"href":"https:\/\/balearichomemallorca.com\/de\/wp-json\/wp\/v2\/pages\/35425","targetHints":{"allow":["GET"]}}],"collection":[{"href":"https:\/\/balearichomemallorca.com\/de\/wp-json\/wp\/v2\/pages"}],"about":[{"href":"https:\/\/balearichomemallorca.com\/de\/wp-json\/wp\/v2\/types\/page"}],"author":[{"embeddable":true,"href":"https:\/\/balearichomemallorca.com\/de\/wp-json\/wp\/v2\/users\/3"}],"replies":[{"embeddable":true,"href":"https:\/\/balearichomemallorca.com\/de\/wp-json\/wp\/v2\/comments?post=35425"}],"version-history":[{"count":1,"href":"https:\/\/balearichomemallorca.com\/de\/wp-json\/wp\/v2\/pages\/35425\/revisions"}],"predecessor-version":[{"id":35426,"href":"https:\/\/balearichomemallorca.com\/de\/wp-json\/wp\/v2\/pages\/35425\/revisions\/35426"}],"wp:attachment":[{"href":"https:\/\/balearichomemallorca.com\/de\/wp-json\/wp\/v2\/media?parent=35425"}],"curies":[{"name":"wp","href":"https:\/\/api.w.org\/{rel}","templated":true}]}}