{"id":2972,"date":"2014-10-22T12:36:54","date_gmt":"2014-10-22T12:36:54","guid":{"rendered":"http:\/\/wpresidence.net\/?page_id=2972"},"modified":"2023-03-24T13:14:25","modified_gmt":"2023-03-24T12:14:25","slug":"terms-and-coditions","status":"publish","type":"page","link":"https:\/\/balearichomemallorca.com\/es\/terms-and-coditions\/","title":{"rendered":"T\u00e9rminos y codiciones"},"content":{"rendered":"<p>  La presente Pol\u00edtica de Privacidad regula la forma en que Real Estate WordPress Theme recopila, utiliza, conserva y divulga la informaci\u00f3n recogida de los usuarios (cada uno de ellos, un \u00abUsuario\u00bb) del sitio web <a href=\"http:\/\/wpresidence.net\/\">http:\/\/wpresidence.net\/<\/a> (\u00abSitio\u00bb). Esta pol\u00edtica de privacidad se aplica al Sitio y a todos los productos y servicios ofrecidos por Real Estate WordPress Theme.<\/p>\n<p><b>Datos de identificaci\u00f3n personal<\/b><\/p>\n<p>Podemos recopilar informaci\u00f3n de identificaci\u00f3n personal de los usuarios de diversas formas en relaci\u00f3n con las actividades, servicios, funciones o recursos que ponemos a su disposici\u00f3n en nuestro Sitio&#8230; Los usuarios pueden visitar nuestro sitio de forma an\u00f3nima. S\u00f3lo recabaremos datos de identificaci\u00f3n personal de los usuarios si \u00e9stos nos los facilitan voluntariamente. Los usuarios siempre pueden negarse a suministrar informaci\u00f3n de identificaci\u00f3n personal, salvo que ello les impida participar en determinadas actividades relacionadas con el Sitio.<\/p>\n<p><b>Informaci\u00f3n de identificaci\u00f3n no personal<\/b><\/p>\n<p>Podemos recopilar informaci\u00f3n de identificaci\u00f3n no personal sobre los Usuarios siempre que interact\u00faen con nuestro Sitio. La informaci\u00f3n de identificaci\u00f3n no personal puede incluir el nombre del navegador, el tipo de ordenador e informaci\u00f3n t\u00e9cnica sobre los medios de conexi\u00f3n de los usuarios a nuestro Sitio, como el sistema operativo y los proveedores de servicios de Internet utilizados y otra informaci\u00f3n similar.<\/p>\n<p><b>Cookies del navegador web<\/b><\/p>\n<p>Nuestro Sitio puede utilizar \u00abcookies\u00bb para mejorar la experiencia del Usuario. El navegador web del usuario coloca cookies en su disco duro con fines de registro y, a veces, para rastrear informaci\u00f3n sobre \u00e9l. El usuario puede optar por configurar su navegador para que rechace las cookies o para que le avise cuando se env\u00eden cookies. Si lo hacen, tenga en cuenta que algunas partes del Sitio pueden no funcionar correctamente.<\/p>\n<p><b>C\u00f3mo protegemos su informaci\u00f3n<\/b><\/p>\n<p>Adoptamos pr\u00e1cticas adecuadas de recopilaci\u00f3n, almacenamiento y procesamiento de datos y medidas de seguridad para proteger contra el acceso no autorizado, la alteraci\u00f3n, divulgaci\u00f3n o destrucci\u00f3n de su informaci\u00f3n personal, nombre de usuario, contrase\u00f1a, informaci\u00f3n de transacciones y datos almacenados en nuestro Sitio.<\/p>\n<p><b>Compartir su informaci\u00f3n personal<\/b><\/p>\n<p>No vendemos, intercambiamos ni alquilamos a terceros la informaci\u00f3n de identificaci\u00f3n personal de los usuarios. Podemos compartir informaci\u00f3n demogr\u00e1fica agregada gen\u00e9rica no vinculada a ninguna informaci\u00f3n de identificaci\u00f3n personal relativa a visitantes y usuarios con nuestros socios comerciales, afiliados de confianza y anunciantes para los fines arriba indicados.<\/p>\n<p><b>Cambios en esta pol\u00edtica de privacidad<\/b><\/p>\n<p>Real Estate WordPress Theme tiene la facultad de actualizar esta pol\u00edtica de privacidad en cualquier momento. Cuando lo hagamos, revisaremos la fecha actualizada en la parte inferior de esta p\u00e1gina. Recomendamos a los usuarios que consulten con frecuencia esta p\u00e1gina para comprobar si se han producido cambios y mantenerse informados sobre c\u00f3mo contribuimos a proteger la informaci\u00f3n personal que recopilamos. Usted reconoce y acepta que es su responsabilidad revisar esta pol\u00edtica de privacidad peri\u00f3dicamente y estar al tanto de las modificaciones.<\/p>\n<p><b>Su aceptaci\u00f3n de estas condiciones<\/b><\/p>\n<p>El uso de este sitio implica la aceptaci\u00f3n de esta pol\u00edtica. Si no est\u00e1 de acuerdo con esta pol\u00edtica, no utilice nuestro Sitio. Su uso continuado del Sitio tras la publicaci\u00f3n de cambios en esta pol\u00edtica se considerar\u00e1 su aceptaci\u00f3n de dichos cambios.<\/p>\n<p><b>Cambios en esta pol\u00edtica de privacidad<\/b><\/p>\n<p>Real Estate WordPress Theme tiene la facultad de actualizar esta pol\u00edtica de privacidad en cualquier momento. Cuando lo hagamos, revisaremos la fecha actualizada en la parte inferior de esta p\u00e1gina. Recomendamos a los usuarios que consulten con frecuencia esta p\u00e1gina para comprobar si se han producido cambios y mantenerse informados sobre c\u00f3mo contribuimos a proteger la informaci\u00f3n personal que recopilamos. Usted reconoce y acepta que es su responsabilidad revisar esta pol\u00edtica de privacidad peri\u00f3dicamente y estar al tanto de las modificaciones.<\/p>\n<p><b>Su aceptaci\u00f3n de estas condiciones<\/b><\/p>\n<p>El uso de este sitio implica la aceptaci\u00f3n de esta pol\u00edtica. Si no est\u00e1 de acuerdo con esta pol\u00edtica, no utilice nuestro Sitio. Su uso continuado del Sitio tras la publicaci\u00f3n de cambios en esta pol\u00edtica se considerar\u00e1 su aceptaci\u00f3n de dichos cambios.  <\/p>\n","protected":false},"excerpt":{"rendered":"<p>La presente Pol\u00edtica de Privacidad regula la forma en que Real Estate WordPress Theme recopila, utiliza, conserva y divulga la informaci\u00f3n recogida de los usuarios (cada uno de ellos, un \u00abUsuario\u00bb) del sitio web http:\/\/wpresidence.net\/ (\u00abSitio\u00bb). Esta pol\u00edtica de privacidad se aplica al Sitio y a todos los productos y servicios ofrecidos por Real Estate WordPress Theme. Datos de identificaci\u00f3n personal Podemos recopilar informaci\u00f3n &#8230;<\/p>\n","protected":false},"author":1,"featured_media":0,"parent":0,"menu_order":0,"comment_status":"closed","ping_status":"closed","template":"terms_conditions.php","meta":{"footnotes":""},"class_list":["post-2972","page","type-page","status-publish","hentry"],"yoast_head":"<!-- This site is optimized with the Yoast SEO plugin v23.0 - https:\/\/yoast.com\/wordpress\/plugins\/seo\/ -->\n<title>T\u00e9rminos y codiciones - Inmobiliaria Boutique. Sus servicios a medida.<\/title>\n<meta name=\"robots\" content=\"index, follow, max-snippet:-1, max-image-preview:large, max-video-preview:-1\" \/>\n<link rel=\"canonical\" href=\"https:\/\/balearichomemallorca.com\/es\/terms-and-coditions\/\" \/>\n<meta property=\"og:locale\" content=\"es_ES\" \/>\n<meta property=\"og:type\" content=\"article\" \/>\n<meta property=\"og:title\" content=\"T\u00e9rminos y codiciones - Inmobiliaria Boutique. Sus servicios a medida.\" \/>\n<meta property=\"og:description\" content=\"La presente Pol\u00edtica de Privacidad regula la forma en que Real Estate WordPress Theme recopila, utiliza, conserva y divulga la informaci\u00f3n recogida de los usuarios (cada uno de ellos, un \u00abUsuario\u00bb) del sitio web http:\/\/wpresidence.net\/ (\u00abSitio\u00bb). Esta pol\u00edtica de privacidad se aplica al Sitio y a todos los productos y servicios ofrecidos por Real Estate WordPress Theme. Datos de identificaci\u00f3n personal Podemos recopilar informaci\u00f3n ...\" \/>\n<meta property=\"og:url\" content=\"https:\/\/balearichomemallorca.com\/es\/terms-and-coditions\/\" \/>\n<meta property=\"og:site_name\" content=\"Inmobiliaria Boutique. Sus servicios a medida.\" \/>\n<meta property=\"article:modified_time\" content=\"2023-03-24T12:14:25+00:00\" \/>\n<meta name=\"twitter:card\" content=\"summary_large_image\" \/>\n<meta name=\"twitter:label1\" content=\"Tiempo de lectura\" \/>\n\t<meta name=\"twitter:data1\" content=\"4 minutos\" \/>\n<script type=\"application\/ld+json\" class=\"yoast-schema-graph\">{\"@context\":\"https:\/\/schema.org\",\"@graph\":[{\"@type\":\"WebPage\",\"@id\":\"https:\/\/balearichomemallorca.com\/es\/terms-and-coditions\/\",\"url\":\"https:\/\/balearichomemallorca.com\/es\/terms-and-coditions\/\",\"name\":\"T\u00e9rminos y codiciones - Inmobiliaria Boutique. Sus servicios a medida.\",\"isPartOf\":{\"@id\":\"https:\/\/balearichomemallorca.com\/es\/#website\"},\"datePublished\":\"2014-10-22T12:36:54+00:00\",\"dateModified\":\"2023-03-24T12:14:25+00:00\",\"breadcrumb\":{\"@id\":\"https:\/\/balearichomemallorca.com\/es\/terms-and-coditions\/#breadcrumb\"},\"inLanguage\":\"es\",\"potentialAction\":[{\"@type\":\"ReadAction\",\"target\":[\"https:\/\/balearichomemallorca.com\/es\/terms-and-coditions\/\"]}]},{\"@type\":\"BreadcrumbList\",\"@id\":\"https:\/\/balearichomemallorca.com\/es\/terms-and-coditions\/#breadcrumb\",\"itemListElement\":[{\"@type\":\"ListItem\",\"position\":1,\"name\":\"Home\",\"item\":\"https:\/\/balearichomemallorca.com\/es\/\"},{\"@type\":\"ListItem\",\"position\":2,\"name\":\"T\u00e9rminos y codiciones\"}]},{\"@type\":\"WebSite\",\"@id\":\"https:\/\/balearichomemallorca.com\/es\/#website\",\"url\":\"https:\/\/balearichomemallorca.com\/es\/\",\"name\":\"Inmobiliaria Boutique. Sus servicios a medida.\",\"description\":\"Your real estate agency to find the best options in the Balearic Islands.\",\"publisher\":{\"@id\":\"https:\/\/balearichomemallorca.com\/es\/#organization\"},\"potentialAction\":[{\"@type\":\"SearchAction\",\"target\":{\"@type\":\"EntryPoint\",\"urlTemplate\":\"https:\/\/balearichomemallorca.com\/es\/?s={search_term_string}\"},\"query-input\":\"required name=search_term_string\"}],\"inLanguage\":\"es\"},{\"@type\":\"Organization\",\"@id\":\"https:\/\/balearichomemallorca.com\/es\/#organization\",\"name\":\"Balearic Home Mallorca\",\"url\":\"https:\/\/balearichomemallorca.com\/es\/\",\"logo\":{\"@type\":\"ImageObject\",\"inLanguage\":\"es\",\"@id\":\"https:\/\/balearichomemallorca.com\/es\/#\/schema\/logo\/image\/\",\"url\":\"https:\/\/balearichomemallorca.com\/wp-content\/uploads\/2022\/10\/BALEARIC_logo_main.png\",\"contentUrl\":\"https:\/\/balearichomemallorca.com\/wp-content\/uploads\/2022\/10\/BALEARIC_logo_main.png\",\"width\":759,\"height\":262,\"caption\":\"Balearic Home Mallorca\"},\"image\":{\"@id\":\"https:\/\/balearichomemallorca.com\/es\/#\/schema\/logo\/image\/\"}}]}<\/script>\n<!-- \/ Yoast SEO plugin. -->","yoast_head_json":{"title":"T\u00e9rminos y codiciones - Inmobiliaria Boutique. Sus servicios a medida.","robots":{"index":"index","follow":"follow","max-snippet":"max-snippet:-1","max-image-preview":"max-image-preview:large","max-video-preview":"max-video-preview:-1"},"canonical":"https:\/\/balearichomemallorca.com\/es\/terms-and-coditions\/","og_locale":"es_ES","og_type":"article","og_title":"T\u00e9rminos y codiciones - Inmobiliaria Boutique. Sus servicios a medida.","og_description":"La presente Pol\u00edtica de Privacidad regula la forma en que Real Estate WordPress Theme recopila, utiliza, conserva y divulga la informaci\u00f3n recogida de los usuarios (cada uno de ellos, un \u00abUsuario\u00bb) del sitio web http:\/\/wpresidence.net\/ (\u00abSitio\u00bb). Esta pol\u00edtica de privacidad se aplica al Sitio y a todos los productos y servicios ofrecidos por Real Estate WordPress Theme. Datos de identificaci\u00f3n personal Podemos recopilar informaci\u00f3n ...","og_url":"https:\/\/balearichomemallorca.com\/es\/terms-and-coditions\/","og_site_name":"Inmobiliaria Boutique. Sus servicios a medida.","article_modified_time":"2023-03-24T12:14:25+00:00","twitter_card":"summary_large_image","twitter_misc":{"Tiempo de lectura":"4 minutos"},"schema":{"@context":"https:\/\/schema.org","@graph":[{"@type":"WebPage","@id":"https:\/\/balearichomemallorca.com\/es\/terms-and-coditions\/","url":"https:\/\/balearichomemallorca.com\/es\/terms-and-coditions\/","name":"T\u00e9rminos y codiciones - Inmobiliaria Boutique. Sus servicios a medida.","isPartOf":{"@id":"https:\/\/balearichomemallorca.com\/es\/#website"},"datePublished":"2014-10-22T12:36:54+00:00","dateModified":"2023-03-24T12:14:25+00:00","breadcrumb":{"@id":"https:\/\/balearichomemallorca.com\/es\/terms-and-coditions\/#breadcrumb"},"inLanguage":"es","potentialAction":[{"@type":"ReadAction","target":["https:\/\/balearichomemallorca.com\/es\/terms-and-coditions\/"]}]},{"@type":"BreadcrumbList","@id":"https:\/\/balearichomemallorca.com\/es\/terms-and-coditions\/#breadcrumb","itemListElement":[{"@type":"ListItem","position":1,"name":"Home","item":"https:\/\/balearichomemallorca.com\/es\/"},{"@type":"ListItem","position":2,"name":"T\u00e9rminos y codiciones"}]},{"@type":"WebSite","@id":"https:\/\/balearichomemallorca.com\/es\/#website","url":"https:\/\/balearichomemallorca.com\/es\/","name":"Inmobiliaria Boutique. Sus servicios a medida.","description":"Your real estate agency to find the best options in the Balearic Islands.","publisher":{"@id":"https:\/\/balearichomemallorca.com\/es\/#organization"},"potentialAction":[{"@type":"SearchAction","target":{"@type":"EntryPoint","urlTemplate":"https:\/\/balearichomemallorca.com\/es\/?s={search_term_string}"},"query-input":"required name=search_term_string"}],"inLanguage":"es"},{"@type":"Organization","@id":"https:\/\/balearichomemallorca.com\/es\/#organization","name":"Balearic Home Mallorca","url":"https:\/\/balearichomemallorca.com\/es\/","logo":{"@type":"ImageObject","inLanguage":"es","@id":"https:\/\/balearichomemallorca.com\/es\/#\/schema\/logo\/image\/","url":"https:\/\/balearichomemallorca.com\/wp-content\/uploads\/2022\/10\/BALEARIC_logo_main.png","contentUrl":"https:\/\/balearichomemallorca.com\/wp-content\/uploads\/2022\/10\/BALEARIC_logo_main.png","width":759,"height":262,"caption":"Balearic Home Mallorca"},"image":{"@id":"https:\/\/balearichomemallorca.com\/es\/#\/schema\/logo\/image\/"}}]}},"_links":{"self":[{"href":"https:\/\/balearichomemallorca.com\/es\/wp-json\/wp\/v2\/pages\/2972","targetHints":{"allow":["GET"]}}],"collection":[{"href":"https:\/\/balearichomemallorca.com\/es\/wp-json\/wp\/v2\/pages"}],"about":[{"href":"https:\/\/balearichomemallorca.com\/es\/wp-json\/wp\/v2\/types\/page"}],"author":[{"embeddable":true,"href":"https:\/\/balearichomemallorca.com\/es\/wp-json\/wp\/v2\/users\/1"}],"replies":[{"embeddable":true,"href":"https:\/\/balearichomemallorca.com\/es\/wp-json\/wp\/v2\/comments?post=2972"}],"version-history":[{"count":1,"href":"https:\/\/balearichomemallorca.com\/es\/wp-json\/wp\/v2\/pages\/2972\/revisions"}],"predecessor-version":[{"id":33389,"href":"https:\/\/balearichomemallorca.com\/es\/wp-json\/wp\/v2\/pages\/2972\/revisions\/33389"}],"wp:attachment":[{"href":"https:\/\/balearichomemallorca.com\/es\/wp-json\/wp\/v2\/media?parent=2972"}],"curies":[{"name":"wp","href":"https:\/\/api.w.org\/{rel}","templated":true}]}}