{"id":35416,"date":"2023-12-05T10:27:02","date_gmt":"2023-12-05T09:27:02","guid":{"rendered":"https:\/\/balearichomemallorca.com\/politica-de-cookies\/"},"modified":"2023-12-05T11:49:27","modified_gmt":"2023-12-05T10:49:27","slug":"politica-de-cookies","status":"publish","type":"page","link":"https:\/\/balearichomemallorca.com\/es\/politica-de-cookies\/","title":{"rendered":"Pol\u00edtica de Cookies"},"content":{"rendered":"\n<p><em>\u00daltima actualizaci\u00f3n: 14 de noviembre de 2023.<\/em><\/p>\n\n<p><strong>Sumario<\/strong><\/p>\n\n<p><strong>Pol\u00edtica de Cookies<\/strong><\/p>\n\n<ul class=\"wp-block-list\">\n<li>Cookies usadas: <strong>Propias y de Terceros<\/strong><\/li>\n\n\n\n<li>\u00bfSe usan para obtener estad\u00edsticas? S\u00ed.<\/li>\n\n\n\n<li>\u00bfSe usan para publicidad? S\u00ed.<\/li>\n\n\n\n<li>Servicios de terceros que instalan cookies a trav\u00e9s de esta web: <strong>Google Analytics.<\/strong> <\/li>\n<\/ul>\n\n<p><strong>C\u00f3mo configurar y deshabilitar las cookies<\/strong> <\/p>\n\n<p>Puedes permitir, bloquear o eliminar las cookies instaladas en tu dispositivo desde tu navegador web. Si no permites la instalaci\u00f3n de cookies en tu dispositivo, puede que la experiencia de navegaci\u00f3n empeore. A continuaci\u00f3n puedes encontrar c\u00f3mo configurar las cookies en cada navegador: <\/p>\n\n<ul class=\"wp-block-list\">\n<li><a href=\"https:\/\/support.microsoft.com\/es-es\/windows\/microsoft-edge-datos-de-exploraci%C3%B3n-y-privacidad-bb8174ba-9d73-dcf2-9b4a-c582b4e640dd\" target=\"_blank\" rel=\"noreferrer noopener\">Edge<\/a><\/li>\n\n\n\n<li><a href=\"https:\/\/support.google.com\/chrome\/answer\/95647?hl=es\" target=\"_blank\" rel=\"noreferrer noopener\">Google Chrome<\/a><\/li>\n\n\n\n<li><a href=\"https:\/\/support.google.com\/chrome\/answer\/114662?hl=es&amp;visit_id=1-636664625754483085-1648636281&amp;rd=1&amp;co=GENIE.Platform%3DAndroid&amp;oco=1\">Google Android<\/a><\/li>\n\n\n\n<li><a href=\"https:\/\/support.microsoft.com\/es-es\/windows\/eliminar-y-administrar-cookies-168dab11-0753-043d-7c16-ede5947fc64d\" target=\"_blank\" rel=\"noreferrer noopener\">Internet Explorer 8<\/a> <\/li>\n\n\n\n<li><a href=\"https:\/\/support.microsoft.com\/es-es\/topic\/c%C3%B3mo-eliminar-archivos-de-cookies-en-internet-explorer-bca9446f-d873-78de-77ba-d42645fa52fc\" target=\"_blank\" rel=\"noreferrer noopener\">Internet Explorer 9<\/a> <\/li>\n\n\n\n<li><a href=\"https:\/\/support.microsoft.com\/es-es\/windows\/eliminar-y-administrar-cookies-168dab11-0753-043d-7c16-ede5947fc64d#ie=ie-10\" target=\"_blank\" rel=\"noreferrer noopener\">Internet Explorer 11 <\/a><\/li>\n\n\n\n<li><a href=\"https:\/\/support.mozilla.org\/es\/kb\/habilitar-y-deshabilitar-cookies-sitios-web-rastrear-preferencias?redirectslug=habilitar-y-deshabilitar-cookies-que-los-sitios-we&amp;redirectlocale=es\" target=\"_blank\" rel=\"noreferrer noopener\">Mozilla Firefox<\/a><\/li>\n\n\n\n<li><a href=\"https:\/\/help.opera.com\/en\/latest\/web-preferences\/#cookies\" target=\"_blank\" rel=\"noreferrer noopener\">Opera<\/a><\/li>\n\n\n\n<li><a href=\"https:\/\/support.apple.com\/es-es\/guide\/safari\/sfri11471\/mac\" target=\"_blank\" rel=\"noreferrer noopener\">Safari<\/a><\/li>\n\n\n\n<li><a href=\"https:\/\/support.apple.com\/es-es\/HT201265\" target=\"_blank\" rel=\"noreferrer noopener\">Safari Mobile<\/a><\/li>\n\n\n\n<li><a href=\"https:\/\/support.brave.com\/hc\/en-us\/articles\/360050634931-How-Do-I-Manage-Cookies-In-Brave-\" target=\"_blank\" rel=\"noreferrer noopener\">Brave<\/a><\/li>\n<\/ul>\n\n<p><strong>1.- Tipos y usos<\/strong> <\/p>\n\n<p>El servicio usa cookies propias y de terceros para mejorar la navegaci\u00f3n, proporcionar el servicio y obtener estad\u00edsticas sobre el uso de la p\u00e1gina web. <\/p>\n\n<p><strong>2.- \u00bfQu\u00e9 es una cookie y para qu\u00e9 sirve?<\/strong> <\/p>\n\n<p>Una cookie es un fichero de texto que se env\u00eda al navegador web de tu ordenador, m\u00f3vil o tablet y que sirve para almacenar y recuperar informaci\u00f3n sobre la navegaci\u00f3n realizada. Por ejemplo, recordar tu nombre de usuario y contrase\u00f1a o las preferencias de tu perfil. <\/p>\n\n<p><strong>3.- \u00bfQu\u00e9 tipos de cookies hay?<\/strong> <\/p>\n\n<p>Seg\u00fan qui\u00e9n las gestiona:<\/p>\n\n<ul class=\"wp-block-list\">\n<li>Cookies propias; se env\u00edan a tu navegador desde nuestros equipos o dominios web.<\/li>\n\n\n\n<li>Cookies de terceros; se env\u00edan a tu navegador desde un equipo o dominio web que no gestionamos nosotros directamente, sino una tercera entidad como por ejemplo Google. <\/li>\n<\/ul>\n\n<p>En funci\u00f3n del tiempo que est\u00e1n activas, hay:<\/p>\n\n<ul class=\"wp-block-list\">\n<li>Cookies de sesi\u00f3n; permanecen en el archivo de cookies de tu navegador hasta que abandonas la p\u00e1gina web, de modo que ninguna queda en tu dispositivo.<\/li>\n\n\n\n<li>Cookies persistentes; permanecen en tu dispositivo y nuestra web las lee cada vez que realizas una nueva visita. Estas cookies dejan de funcionar pasada una fecha concreta. <\/li>\n<\/ul>\n\n<p>Finalmente, y seg\u00fan su finalidad, tenemos:<\/p>\n\n<ul class=\"wp-block-list\">\n<li>Cookies t\u00e9cnicas; mejoran la navegaci\u00f3n y el buen funcionamiento de la web.<\/li>\n\n\n\n<li>Cookies de personalizaci\u00f3n; permiten acceder al servicio con unas caracter\u00edsticas predefinidas en funci\u00f3n de una serie de criterios.<\/li>\n\n\n\n<li>Cookies de an\u00e1lisis; permiten medir y analizar estad\u00edsticamente el uso que se hace del servicio prestado. <\/li>\n<\/ul>\n\n<p>Cookies usadas por <strong>Balearic Home Mallorca<\/strong>:<\/p>\n\n<figure class=\"wp-block-table\"><table><tbody><tr><td><strong>Nombre<\/strong><\/td><td><strong>Origen<\/strong><\/td><td><strong>Finalidad<\/strong><\/td><td><strong>Tipo<\/strong><\/td><td><strong>Caducidad<\/strong><\/td><\/tr><tr><td>_ga_YB4TTRSHS3<\/td><td>.balearichomemallorca.com<\/td><td>Anal\u00edtica<\/td><td>Terceros<\/td><td>13 meses<\/td><\/tr><tr><td>_ga<\/td><td>.balearichomemallorca.com<\/td><td>Anal\u00edtica<\/td><td>Terceros<\/td><td>13 meses<\/td><\/tr><tr><td>_ga_DWWSSKLLZ3<\/td><td>.balearichomemallorca.com<\/td><td>Anal\u00edtica<\/td><td>Terceros<\/td><td>13 meses<\/td><\/tr><tr><td>_ga_09DFCJN217<\/td><td>.balearichomemallorca.com<\/td><td>Anal\u00edtica<\/td><td>Terceros<\/td><td>13 meses<\/td><\/tr><tr><td>moove_gdpr_popup<\/td><td>.balearichomemallorca.com<\/td><td>Anal\u00edtica<\/td><td>Primera<\/td><td>1 a\u00f1o<\/td><\/tr><tr><td>wpestate_favorites<\/td><td>.balearichomemallorca.com<\/td><td>T\u00e9cnica<\/td><td>Primera<\/td><td>10 d\u00edas<\/td><\/tr><tr><td>wp-wpml_current_language<\/td><td>.balearichomemallorca.com<\/td><td>T\u00e9cnica<\/td><td>Primera<\/td><td>Sesi\u00f3n<\/td><\/tr><tr><td>__Secure-ENID<\/td><td>.google.com<\/td><td>T\u00e9cnica<\/td><td>Terceros<\/td><td>13 meses<\/td><\/tr><tr><td>SOCS<\/td><td>.google.com<\/td><td>Anal\u00edtica<\/td><td>Terceros<\/td><td>13 meses<\/td><\/tr><tr><td>CONSENT<\/td><td>.google.com<\/td><td>Anal\u00edtica<\/td><td>Terceros<\/td><td>13 meses<\/td><\/tr><tr><td>AEC<\/td><td>.google.com<\/td><td>Anal\u00edtica<\/td><td>Terceros<\/td><td>18 meses<\/td><\/tr><\/tbody><\/table><\/figure>\n\n<p>Lista de cookies de terceros:<\/p>\n\n<p><a href=\"https:\/\/developers.google.com\/analytics\/devguides\/collection\/analyticsjs\/cookie-usage?hl=es-419\" target=\"_blank\" rel=\"noreferrer noopener\">Google Analytics<\/a>: Sus cookies (como por ejemplo _ga o _ga_YB4TTRSHS3) permiten contabilizar las veces que un usuario visita una web, c\u00f3mo, cu\u00e1ndo y desde d\u00f3nde lo hace.<\/p>\n\n<p>En cualquier caso, puedes inhabilitar las cookies de Google Analytics desde <a href=\"https:\/\/tools.google.com\/dlpage\/gaoptout\" target=\"_blank\" rel=\"noreferrer noopener\">aqu\u00ed<\/a>.<\/p>\n","protected":false},"excerpt":{"rendered":"<p>\u00daltima actualizaci\u00f3n: 14 de noviembre de 2023. Sumario Pol\u00edtica de Cookies C\u00f3mo configurar y deshabilitar las cookies Puedes permitir, bloquear o eliminar las cookies instaladas en tu dispositivo desde tu navegador web. Si no permites la instalaci\u00f3n de cookies en tu dispositivo, puede que la experiencia de navegaci\u00f3n empeore. A continuaci\u00f3n puedes encontrar c\u00f3mo configurar las cookies en cada navegador: 1.- Tipos y usos &#8230;<\/p>\n","protected":false},"author":3,"featured_media":0,"parent":0,"menu_order":0,"comment_status":"closed","ping_status":"closed","template":"terms_conditions.php","meta":{"footnotes":""},"class_list":["post-35416","page","type-page","status-publish","hentry"],"yoast_head":"<!-- This site is optimized with the Yoast SEO plugin v23.0 - https:\/\/yoast.com\/wordpress\/plugins\/seo\/ -->\n<title>Pol\u00edtica de Cookies - Inmobiliaria Boutique. Sus servicios a medida.<\/title>\n<meta name=\"robots\" content=\"index, follow, max-snippet:-1, max-image-preview:large, max-video-preview:-1\" \/>\n<link rel=\"canonical\" href=\"https:\/\/balearichomemallorca.com\/es\/politica-de-cookies\/\" \/>\n<meta property=\"og:locale\" content=\"es_ES\" \/>\n<meta property=\"og:type\" content=\"article\" \/>\n<meta property=\"og:title\" content=\"Pol\u00edtica de Cookies - Inmobiliaria Boutique. Sus servicios a medida.\" \/>\n<meta property=\"og:description\" content=\"\u00daltima actualizaci\u00f3n: 14 de noviembre de 2023. Sumario Pol\u00edtica de Cookies C\u00f3mo configurar y deshabilitar las cookies Puedes permitir, bloquear o eliminar las cookies instaladas en tu dispositivo desde tu navegador web. Si no permites la instalaci\u00f3n de cookies en tu dispositivo, puede que la experiencia de navegaci\u00f3n empeore. A continuaci\u00f3n puedes encontrar c\u00f3mo configurar las cookies en cada navegador: 1.- Tipos y usos ...\" \/>\n<meta property=\"og:url\" content=\"https:\/\/balearichomemallorca.com\/es\/politica-de-cookies\/\" \/>\n<meta property=\"og:site_name\" content=\"Inmobiliaria Boutique. Sus servicios a medida.\" \/>\n<meta property=\"article:modified_time\" content=\"2023-12-05T10:49:27+00:00\" \/>\n<meta name=\"twitter:card\" content=\"summary_large_image\" \/>\n<meta name=\"twitter:label1\" content=\"Tiempo de lectura\" \/>\n\t<meta name=\"twitter:data1\" content=\"3 minutos\" \/>\n<script type=\"application\/ld+json\" class=\"yoast-schema-graph\">{\"@context\":\"https:\/\/schema.org\",\"@graph\":[{\"@type\":\"WebPage\",\"@id\":\"https:\/\/balearichomemallorca.com\/es\/politica-de-cookies\/\",\"url\":\"https:\/\/balearichomemallorca.com\/es\/politica-de-cookies\/\",\"name\":\"Pol\u00edtica de Cookies - Inmobiliaria Boutique. Sus servicios a medida.\",\"isPartOf\":{\"@id\":\"https:\/\/balearichomemallorca.com\/es\/#website\"},\"datePublished\":\"2023-12-05T09:27:02+00:00\",\"dateModified\":\"2023-12-05T10:49:27+00:00\",\"breadcrumb\":{\"@id\":\"https:\/\/balearichomemallorca.com\/es\/politica-de-cookies\/#breadcrumb\"},\"inLanguage\":\"es\",\"potentialAction\":[{\"@type\":\"ReadAction\",\"target\":[\"https:\/\/balearichomemallorca.com\/es\/politica-de-cookies\/\"]}]},{\"@type\":\"BreadcrumbList\",\"@id\":\"https:\/\/balearichomemallorca.com\/es\/politica-de-cookies\/#breadcrumb\",\"itemListElement\":[{\"@type\":\"ListItem\",\"position\":1,\"name\":\"Home\",\"item\":\"https:\/\/balearichomemallorca.com\/es\/\"},{\"@type\":\"ListItem\",\"position\":2,\"name\":\"Pol\u00edtica de Cookies\"}]},{\"@type\":\"WebSite\",\"@id\":\"https:\/\/balearichomemallorca.com\/es\/#website\",\"url\":\"https:\/\/balearichomemallorca.com\/es\/\",\"name\":\"Inmobiliaria Boutique. Sus servicios a medida.\",\"description\":\"Your real estate agency to find the best options in the Balearic Islands.\",\"publisher\":{\"@id\":\"https:\/\/balearichomemallorca.com\/es\/#organization\"},\"potentialAction\":[{\"@type\":\"SearchAction\",\"target\":{\"@type\":\"EntryPoint\",\"urlTemplate\":\"https:\/\/balearichomemallorca.com\/es\/?s={search_term_string}\"},\"query-input\":\"required name=search_term_string\"}],\"inLanguage\":\"es\"},{\"@type\":\"Organization\",\"@id\":\"https:\/\/balearichomemallorca.com\/es\/#organization\",\"name\":\"Balearic Home Mallorca\",\"url\":\"https:\/\/balearichomemallorca.com\/es\/\",\"logo\":{\"@type\":\"ImageObject\",\"inLanguage\":\"es\",\"@id\":\"https:\/\/balearichomemallorca.com\/es\/#\/schema\/logo\/image\/\",\"url\":\"https:\/\/balearichomemallorca.com\/wp-content\/uploads\/2022\/10\/BALEARIC_logo_main.png\",\"contentUrl\":\"https:\/\/balearichomemallorca.com\/wp-content\/uploads\/2022\/10\/BALEARIC_logo_main.png\",\"width\":759,\"height\":262,\"caption\":\"Balearic Home Mallorca\"},\"image\":{\"@id\":\"https:\/\/balearichomemallorca.com\/es\/#\/schema\/logo\/image\/\"}}]}<\/script>\n<!-- \/ Yoast SEO plugin. -->","yoast_head_json":{"title":"Pol\u00edtica de Cookies - Inmobiliaria Boutique. Sus servicios a medida.","robots":{"index":"index","follow":"follow","max-snippet":"max-snippet:-1","max-image-preview":"max-image-preview:large","max-video-preview":"max-video-preview:-1"},"canonical":"https:\/\/balearichomemallorca.com\/es\/politica-de-cookies\/","og_locale":"es_ES","og_type":"article","og_title":"Pol\u00edtica de Cookies - Inmobiliaria Boutique. Sus servicios a medida.","og_description":"\u00daltima actualizaci\u00f3n: 14 de noviembre de 2023. Sumario Pol\u00edtica de Cookies C\u00f3mo configurar y deshabilitar las cookies Puedes permitir, bloquear o eliminar las cookies instaladas en tu dispositivo desde tu navegador web. Si no permites la instalaci\u00f3n de cookies en tu dispositivo, puede que la experiencia de navegaci\u00f3n empeore. A continuaci\u00f3n puedes encontrar c\u00f3mo configurar las cookies en cada navegador: 1.- Tipos y usos ...","og_url":"https:\/\/balearichomemallorca.com\/es\/politica-de-cookies\/","og_site_name":"Inmobiliaria Boutique. Sus servicios a medida.","article_modified_time":"2023-12-05T10:49:27+00:00","twitter_card":"summary_large_image","twitter_misc":{"Tiempo de lectura":"3 minutos"},"schema":{"@context":"https:\/\/schema.org","@graph":[{"@type":"WebPage","@id":"https:\/\/balearichomemallorca.com\/es\/politica-de-cookies\/","url":"https:\/\/balearichomemallorca.com\/es\/politica-de-cookies\/","name":"Pol\u00edtica de Cookies - Inmobiliaria Boutique. Sus servicios a medida.","isPartOf":{"@id":"https:\/\/balearichomemallorca.com\/es\/#website"},"datePublished":"2023-12-05T09:27:02+00:00","dateModified":"2023-12-05T10:49:27+00:00","breadcrumb":{"@id":"https:\/\/balearichomemallorca.com\/es\/politica-de-cookies\/#breadcrumb"},"inLanguage":"es","potentialAction":[{"@type":"ReadAction","target":["https:\/\/balearichomemallorca.com\/es\/politica-de-cookies\/"]}]},{"@type":"BreadcrumbList","@id":"https:\/\/balearichomemallorca.com\/es\/politica-de-cookies\/#breadcrumb","itemListElement":[{"@type":"ListItem","position":1,"name":"Home","item":"https:\/\/balearichomemallorca.com\/es\/"},{"@type":"ListItem","position":2,"name":"Pol\u00edtica de Cookies"}]},{"@type":"WebSite","@id":"https:\/\/balearichomemallorca.com\/es\/#website","url":"https:\/\/balearichomemallorca.com\/es\/","name":"Inmobiliaria Boutique. Sus servicios a medida.","description":"Your real estate agency to find the best options in the Balearic Islands.","publisher":{"@id":"https:\/\/balearichomemallorca.com\/es\/#organization"},"potentialAction":[{"@type":"SearchAction","target":{"@type":"EntryPoint","urlTemplate":"https:\/\/balearichomemallorca.com\/es\/?s={search_term_string}"},"query-input":"required name=search_term_string"}],"inLanguage":"es"},{"@type":"Organization","@id":"https:\/\/balearichomemallorca.com\/es\/#organization","name":"Balearic Home Mallorca","url":"https:\/\/balearichomemallorca.com\/es\/","logo":{"@type":"ImageObject","inLanguage":"es","@id":"https:\/\/balearichomemallorca.com\/es\/#\/schema\/logo\/image\/","url":"https:\/\/balearichomemallorca.com\/wp-content\/uploads\/2022\/10\/BALEARIC_logo_main.png","contentUrl":"https:\/\/balearichomemallorca.com\/wp-content\/uploads\/2022\/10\/BALEARIC_logo_main.png","width":759,"height":262,"caption":"Balearic Home Mallorca"},"image":{"@id":"https:\/\/balearichomemallorca.com\/es\/#\/schema\/logo\/image\/"}}]}},"_links":{"self":[{"href":"https:\/\/balearichomemallorca.com\/es\/wp-json\/wp\/v2\/pages\/35416","targetHints":{"allow":["GET"]}}],"collection":[{"href":"https:\/\/balearichomemallorca.com\/es\/wp-json\/wp\/v2\/pages"}],"about":[{"href":"https:\/\/balearichomemallorca.com\/es\/wp-json\/wp\/v2\/types\/page"}],"author":[{"embeddable":true,"href":"https:\/\/balearichomemallorca.com\/es\/wp-json\/wp\/v2\/users\/3"}],"replies":[{"embeddable":true,"href":"https:\/\/balearichomemallorca.com\/es\/wp-json\/wp\/v2\/comments?post=35416"}],"version-history":[{"count":5,"href":"https:\/\/balearichomemallorca.com\/es\/wp-json\/wp\/v2\/pages\/35416\/revisions"}],"predecessor-version":[{"id":35422,"href":"https:\/\/balearichomemallorca.com\/es\/wp-json\/wp\/v2\/pages\/35416\/revisions\/35422"}],"wp:attachment":[{"href":"https:\/\/balearichomemallorca.com\/es\/wp-json\/wp\/v2\/media?parent=35416"}],"curies":[{"name":"wp","href":"https:\/\/api.w.org\/{rel}","templated":true}]}}